{"id":2858,"date":"2024-11-15T12:43:00","date_gmt":"2024-11-15T20:43:00","guid":{"rendered":"https:\/\/capca.ca\/a-propos-de-nous\/strategic-directions\/"},"modified":"2025-04-10T17:40:40","modified_gmt":"2025-04-11T00:40:40","slug":"orientations-strategiques","status":"publish","type":"page","link":"https:\/\/capca.ca\/fr\/a-propos-de-nous\/orientations-strategiques\/","title":{"rendered":"Orientations strat\u00e9giques"},"content":{"rendered":"\n<div>\n<div class=\"capca-container\">\n<div class=\"gb-element-6cd5ac4d\">\n<h2 id=\"collaborer-pour-ameliorer-la-lutte-contre-le-cancer-au-canada\" class=\"gb-text gb-text-74706130\">Collaborer pour am\u00e9liorer la lutte contre le cancer au Canada<\/h2>\n\n\n\n<p>Les orientations strat\u00e9giques de l\u2019ACAPC concentrent nos efforts vers les domaines \u00e9mergents dans lesquels la collaboration entre les organismes et les programmes de lutte contre le cancer peut produire le plus d\u2019effets, et qui n\u00e9cessitent une approche int\u00e9gr\u00e9e pour catalyser le changement, afin d\u2019am\u00e9liorer la prestation de soins s\u00fbrs, de qualit\u00e9, accessibles et fond\u00e9s sur des donn\u00e9es probantes, au Canada.<\/p>\n\n\n\n<h2 class=\"gb-headline gb-headline-33df9da5 gb-headline-text\" id=\"cpqr\">Am\u00e9liorer l\u2019acc\u00e8s et la qualit\u00e9<\/h2>\n\n\n\n<p>Pour maintenir un syst\u00e8me de lutte contre le cancer de classe mondiale au Canada, il est essentiel que les bons soins soient accessibles au bon endroit et au bon moment, et que des mesures de protection soient en place pour garantir la qualit\u00e9 des soins prodigu\u00e9s. Alors que les soins contre le cancer gagnent en complexit\u00e9, l\u2019acc\u00e8s \u00e0 ceux-ci et leur qualit\u00e9 sont de plus en plus tributaires de professionnels qualifi\u00e9s pour les dispenser. Notre objectif d\u2019am\u00e9lioration de l\u2019acc\u00e8s et de la qualit\u00e9 vise \u00e0 :<\/p>\n\n\n\n<ul class=\"wp-block-list\">\n<li>Favoriser l\u2019acc\u00e8s aux nouveaux traitements et aux nouvelles technologies syst\u00e9miques en r\u00e9visant les lignes directrices en mati\u00e8re de soins, de mani\u00e8re \u00e0 am\u00e9liorer la coordination, l\u2019acc\u00e8s et le soutien \u00e0 la prise de d\u00e9cision.<\/li>\n\n\n\n<li>\u00c9tablir un plan pancanadien de gestion des ressources humaines en sant\u00e9 en adoptant une approche concert\u00e9e et durable entre les provinces, fond\u00e9e sur le partage de diff\u00e9rents mod\u00e8les de soins et de prestation et sur les pratiques exemplaires en mati\u00e8re de recrutement et de maintien en poste.<\/li>\n<\/ul>\n\n\n\n<div class=\"inner-cta three\">\n<h2 id=\"travaux-connexes\" class=\"gb-text\">Travaux connexes<\/h2>\n\n\n\n<p class=\"gb-text\">D\u00e9couvrez comment l\u2019ACAPC am\u00e9liore l\u2019acc\u00e8s et la qualit\u00e9 :<\/p>\n\n\n\n<div>\n<a class=\"gb-text capca-button-primary\" href=\"https:\/\/capca.ca\/fr\/notre-travail\/analyses-genomiques-des-biomarqueurs-du-cancer\/\">Analyses g\u00e9n\u00e9tiques des biomarqueurs du cancer<\/a>\n\n\n\n<a class=\"gb-text capca-button-primary\" href=\"https:\/\/capca.ca\/fr\/notre-travail\/acces-et-qualite-de-la-therapie-par-cellules-effectrices-immunitaires\/\">Acc\u00e8s et qualit\u00e9 de la th\u00e9rapie par cellules effectrices immunitaires<\/a>\n\n\n\n<a class=\"gb-text capca-button-primary\" href=\"https:\/\/capca.ca\/fr\/notre-travail\/assurance-qualite-radiopharmaceutique\/\">Assurance qualit\u00e9 radiopharmaceutique<\/a>\n\n\n\n<a class=\"gb-text capca-button-primary\" href=\"https:\/\/capca.ca\/fr\/notre-travail\/projet-strategique-sur-la-main-doeuvre-en-oncologie\/\">Projet strat\u00e9gique sur la main-d\u2019\u0153uvre en oncologie<\/a>\n<\/div>\n<\/div>\n\n\n\n<h2 id=\"soutien-a-linnovation-et-a-la-recherche\" class=\"gb-headline gb-headline-8915a611 gb-headline-text\">Soutien \u00e0 l\u2019innovation et \u00e0 la recherche<\/h2>\n\n\n\n<p>Le cancer \u00e9volue constamment, tout comme les m\u00e9thodes pour le traiter. La recherche et l\u2019innovation permettent au syst\u00e8me de lutte contre le cancer du Canada de garder une longueur d\u2019avance sur les nouveaux d\u00e9fis et de continuer \u00e0 fournir des soins efficaces et de haute qualit\u00e9 aux patients. Pour ce faire, nous examinons les donn\u00e9es d\u2019autres provinces et territoires et \u00e9valuons de possibles partenariats et mod\u00e8les de soins. L\u2019accent mis sur l\u2019innovation et la recherche vise \u00e0 :<\/p>\n\n\n\n<ul class=\"wp-block-list\">\n<li>\u00c9tablir de nouveaux partenariats permettant de faire avancer la recherche et l\u2019innovation dans le domaine du cancer en d\u00e9veloppant une strat\u00e9gie de partenariat qui renforce la capacit\u00e9 et la port\u00e9e de l\u2019ACAPC et qui stimule la recherche et l\u2019innovation.<\/li>\n<\/ul>\n\n\n\n<div class=\"inner-cta\">\n<h2 id=\"travaux-connexes\" class=\"gb-text\">Travaux connexes<\/h2>\n\n\n\n<p class=\"gb-text\">D\u00e9couvrez comment l\u2019ACAPC soutient l\u2019innovation et la recherche :<\/p>\n\n\n\n<div>\n<a class=\"gb-text capca-button-primary\" href=\"https:\/\/capca.ca\/fr\/notre-travail\/recherche-sur-les-services-et-les-politiques-de-sante\/\">Recherche sur les services et les politiques de sant\u00e9<\/a>\n<\/div>\n<\/div>\n\n\n\n<h2 id=\"promouvoir-les-soins-et-les-resultats-axes-sur-la-personne\" class=\"gb-headline gb-headline-f9ca8cf3 gb-headline-text\">Promouvoir les soins et les r\u00e9sultats ax\u00e9s sur la personne<\/h2>\n\n\n\n<p>La sant\u00e9 de la population canadienne et de chaque patient est au c\u0153ur de la lutte contre le cancer et des soins prodigu\u00e9s aux personnes atteintes de cette maladie. \u00c9tant donn\u00e9 qu\u2019au moins la moiti\u00e9 des patients canadiens atteints d\u2019un cancer suivront une radioth\u00e9rapie \u00e0 un moment ou \u00e0 un autre de leur parcours th\u00e9rapeutique, des efforts cibl\u00e9s sont d\u00e9ploy\u00e9s pour garantir que les traitements par radioth\u00e9rapie dispens\u00e9s au Canada restent s\u00fbrs et que les centres de canc\u00e9rologie puissent tirer parti de l\u2019exp\u00e9rience de leurs homologues pour continuer \u00e0 fournir des soins de classe mondiale, de qualit\u00e9 et ax\u00e9s sur la personne. En privil\u00e9giant les soins et les r\u00e9sultats ax\u00e9s sur la personne, nous cherchons \u00e0 :<\/p>\n\n\n\n<ul class=\"wp-block-list\">\n<li>Am\u00e9liorer la qualit\u00e9 et la s\u00e9curit\u00e9 des traitements par radioth\u00e9rapie, ainsi que leur acc\u00e8s, en s\u2019appuyant sur des donn\u00e9es concr\u00e8tes gr\u00e2ce \u00e0 la collaboration et au soutien de plusieurs organisations.<\/li>\n<\/ul>\n\n\n\n<div class=\"inner-cta\">\n<h2 id=\"travaux-connexes\" class=\"gb-text\">Travaux connexes<\/h2>\n\n\n\n<p class=\"gb-text\">D\u00e9couvrez comment l\u2019ACAPC promeut les soins et les r\u00e9sultats ax\u00e9s sur la personne :<\/p>\n\n\n\n<div>\n<a class=\"gb-text capca-button-primary\" href=\"https:\/\/capca.ca\/fr\/notre-travail\/qualite-de-la-radiotherapie-et-acces\/\">Qualit\u00e9 de la radioth\u00e9rapie et acc\u00e8s<\/a>\n<\/div>\n<\/div>\n<\/div>\n\n\n\n<div>\n<div class=\"gb-element-5cbb43f1\">\n<p class=\"gb-text gb-text-a8071447\">\u00ab Le travail accompli par l\u2019interm\u00e9diaire de l\u2019ACAPC t\u00e9moigne d\u2019un large soutien de la part des programmes provinciaux de lutte contre le cancer et renforce la collaboration dans l\u2019ensemble du pays. \u00bb<\/p>\n\n\n\n<div class=\"gb-element-1267a30b\">\n<img loading=\"lazy\" decoding=\"async\" width=\"200\" height=\"193\" class=\"gb-media-605d6c40\" src=\"https:\/\/capca.ca\/wp-content\/uploads\/2025\/01\/Deb-Bulych-crop.jpg\" alt=\"Deb Bulych\"\/>\n\n\n\n<p class=\"gb-text gb-text-e11b7819\">Deb Bulych, pr\u00e9sidente et pr\u00e9sidente-directrice g\u00e9n\u00e9rale, Saskatchewan Cancer Agency<\/p>\n<\/div>\n<\/div>\n<\/div>\n<\/div>\n<\/div>\n","protected":false},"excerpt":{"rendered":"<p>Collaborer pour am\u00e9liorer la lutte contre le cancer au Canada <\/p>\n<p>Les orientations strat\u00e9giques de l\u2019ACAPC concentrent nos efforts vers les domaines \u00e9mergents dans lesquels la collaboration entre les organismes et les programmes de lutte contre le cancer peut produire le&#8230;<\/p>\n","protected":false},"author":1,"featured_media":0,"parent":634,"menu_order":20,"comment_status":"closed","ping_status":"closed","template":"","meta":{"_acf_changed":false,"_piecal_is_recurring":false,"_piecal_recurring_interval":1,"_piecal_recurring_frequency":"","_piecal_recurring_exact_position":false,"_piecal_recurring_end":"","_piecal_color":"","_piecal_text_color":"","_piecal_global_color_master":false,"_piecal_rsets":"[]","_piecal_is_event":false,"_piecal_start_date":"","_piecal_end_date":"","_piecal_is_allday":false,"inline_featured_image":false,"footnotes":""},"class_list":["post-2858","page","type-page","status-publish"],"acf":[],"_links":{"self":[{"href":"https:\/\/capca.ca\/fr\/wp-json\/wp\/v2\/pages\/2858","targetHints":{"allow":["GET"]}}],"collection":[{"href":"https:\/\/capca.ca\/fr\/wp-json\/wp\/v2\/pages"}],"about":[{"href":"https:\/\/capca.ca\/fr\/wp-json\/wp\/v2\/types\/page"}],"author":[{"embeddable":true,"href":"https:\/\/capca.ca\/fr\/wp-json\/wp\/v2\/users\/1"}],"replies":[{"embeddable":true,"href":"https:\/\/capca.ca\/fr\/wp-json\/wp\/v2\/comments?post=2858"}],"version-history":[{"count":8,"href":"https:\/\/capca.ca\/fr\/wp-json\/wp\/v2\/pages\/2858\/revisions"}],"predecessor-version":[{"id":3310,"href":"https:\/\/capca.ca\/fr\/wp-json\/wp\/v2\/pages\/2858\/revisions\/3310"}],"up":[{"embeddable":true,"href":"https:\/\/capca.ca\/fr\/wp-json\/wp\/v2\/pages\/634"}],"wp:attachment":[{"href":"https:\/\/capca.ca\/fr\/wp-json\/wp\/v2\/media?parent=2858"}],"curies":[{"name":"wp","href":"https:\/\/api.w.org\/{rel}","templated":true}]}}