{"id":2862,"date":"2024-11-15T12:43:00","date_gmt":"2024-11-15T20:43:00","guid":{"rendered":"https:\/\/capca.ca\/a-propos-de-nous\/members-and-partners\/"},"modified":"2025-09-14T12:28:26","modified_gmt":"2025-09-14T19:28:26","slug":"membres-et-partenaires","status":"publish","type":"page","link":"https:\/\/capca.ca\/fr\/a-propos-de-nous\/membres-et-partenaires\/","title":{"rendered":"Membres et partenaires"},"content":{"rendered":"\n<div>\n<div class=\"capca-container\">\n<div class=\"gb-element-5592beee\">\n<h2 id=\"membres\" class=\"gb-headline gb-headline-cff0bde8 gb-headline-text\">Membres<\/h2>\n\n\n\n<div class=\"gb-element-d2ae53bf\">\n<div class=\"gb-element-6ac7d736 member-logo\">\n<img decoding=\"async\" src=\"https:\/\/capca.ca\/wp-content\/uploads\/2025\/02\/CAPCA-_BC-CANCER.svg\" alt=\"BC Cancer\"\/>\n\n\n\n<div class=\"logo-name\">\n<p class=\"gb-text gb-text-25e23e52\"><a href=\"http:\/\/www.bccancer.bc.ca\/\">BC Cancer<\/a><\/p>\n<\/div>\n<\/div>\n\n\n\n<div class=\"gb-element-baaf52bf member-logo\">\n<img decoding=\"async\" src=\"https:\/\/capca.ca\/wp-content\/uploads\/2025\/02\/CAPCA-_ALBERTA-HS.svg\" alt=\"Alberta Health Services\"\/>\n\n\n\n<div class=\"gb-element-53722bc1 logo-name\">\n<p class=\"gb-text gb-text-d1bbad8d\"><a href=\"https:\/\/www.albertahealthservices.ca\/cancer\/cancer.aspx\">Cancer Care Alberta<\/a><\/p>\n<\/div>\n<\/div>\n\n\n\n<div class=\"gb-element-a8c2ee92 member-logo\">\n<img decoding=\"async\" src=\"https:\/\/capca.ca\/wp-content\/uploads\/2025\/02\/CAPCA-_SASK-CANCER-AGENCY.svg\" alt=\"Saskatchewan Cancer\nAgency\"\/>\n\n\n\n<div class=\"logo-name\">\n<p class=\"gb-text gb-text-cbd7ec72\"><a href=\"http:\/\/www.saskcancer.ca\/\">Saskatchewan Cancer Agency<\/a><\/p>\n<\/div>\n<\/div>\n\n\n\n<div class=\"gb-element-010fb577 member-logo\">\n<img decoding=\"async\" src=\"https:\/\/capca.ca\/wp-content\/uploads\/2025\/02\/CAPCA-_CC-MANITOBA.svg\" alt=\"Cancer Care Manitoba\"\/>\n\n\n\n<div class=\"logo-name\">\n<p class=\"gb-text gb-text-fba2cf05\"><a href=\"https:\/\/www.cancercare.mb.ca\/home\/\">Action Cancer Manitoba<\/a><\/p>\n<\/div>\n<\/div>\n\n\n\n<div class=\"gb-element-20c0f802 member-logo\">\n<img decoding=\"async\" src=\"https:\/\/capca.ca\/wp-content\/uploads\/2025\/02\/CAPCA-_ONTARIO.svg\" alt=\"Ontario Health\"\/>\n\n\n\n<div class=\"logo-name\">\n<p class=\"gb-text gb-text-2651ed67\"><a href=\"https:\/\/www.albertahealthservices.ca\/cancer\/cancer.aspx\">Sant\u00e9 Ontario (Action Cancer Ontario)<\/a><\/p>\n<\/div>\n<\/div>\n\n\n\n<div class=\"gb-element-4017c0ed member-logo\">\n<img decoding=\"async\" src=\"https:\/\/capca.ca\/wp-content\/uploads\/2025\/02\/CAPCA-_QUEBEC.svg\" alt=\"Quebec\"\/>\n\n\n\n<div class=\"logo-name\">\n<p class=\"gb-text gb-text-27796cf7\"><a href=\"https:\/\/www.msss.gouv.qc.ca\/\">Minist\u00e8re de la Sant\u00e9 et des<br>Services Sociaux<\/a><\/p>\n<\/div>\n<\/div>\n\n\n\n<div class=\"gb-element-a0f61c51 member-logo\">\n<img decoding=\"async\" src=\"https:\/\/capca.ca\/wp-content\/uploads\/2025\/02\/CAPCA-_NB.svg\" alt=\"New Brunswick Cancer Network\"\/>\n\n\n\n<div class=\"logo-name\">\n<p class=\"gb-text gb-text-22d2c79e\"><a href=\"https:\/\/www2.gnb.ca\/content\/gnb\/fr\/ministeres\/sante\/reseau_du_cancer_du_nouveau-brunswick.html\">R\u00e9seau du cancer du Nouveau-Brunswick<\/a><\/p>\n<\/div>\n<\/div>\n\n\n\n<div class=\"gb-element-6db15a83 member-logo\">\n<img decoding=\"async\" src=\"https:\/\/capca.ca\/wp-content\/uploads\/2025\/02\/CAPCA-_NOVA-SCOTIA.svg\" alt=\"Nova Scotia Health\"\/>\n\n\n\n<div class=\"logo-name\">\n<p class=\"gb-text gb-text-5a605516\"><a href=\"http:\/\/www.nshealth.ca\/cancer-care\">Nova Scotia Health Authority Cancer Care Program<\/a><\/p>\n<\/div>\n<\/div>\n\n\n\n<div class=\"gb-element-58c988ba member-logo\">\n<img decoding=\"async\" src=\"https:\/\/capca.ca\/wp-content\/uploads\/2025\/02\/CAPCA-_PEI.svg\" alt=\"PEI Cancer Treatment Centre\"\/>\n\n\n\n<div class=\"logo-name\">\n<p class=\"gb-text gb-text-a9b48dfe\"><a href=\"https:\/\/www.princeedwardisland.ca\/fr\/information\/sante-i-p-e\/centre-traitement-du-cancer-li-p-e\">Centre de traitement du cancer de l\u2019\u00ce.-P.-\u00c9.<\/a><\/p>\n<\/div>\n<\/div>\n\n\n\n<div class=\"gb-element-39a04326 member-logo\">\n<img decoding=\"async\" class=\"gb-media-796b2b77\" src=\"https:\/\/capca.ca\/wp-content\/uploads\/2025\/03\/NL-logo-opt.svg\" alt=\"NL Health Services logo\"\/>\n\n\n\n<div class=\"logo-name\">\n<p class=\"gb-text gb-text-98a99e67\"><a href=\"https:\/\/nlhealthservices.ca\/\">Newfoundland and Labrador Health Services<\/a><\/p>\n<\/div>\n<\/div>\n<\/div>\n\n\n\n<h2 id=\"partenaires\" class=\"gb-headline gb-headline-3375a72c gb-headline-text\">Partenaires<\/h2>\n\n\n\n<p>Les partenariats et la collaboration sont essentiels au travail de l\u2019ACAPC.<\/p>\n\n\n\n<p>Nous travaillons en \u00e9troite collaboration avec le Partenariat canadien contre le cancer (PCCC), coordonnateur de la Strat\u00e9gie canadienne de lutte contre le cancer. Le PCCC met en \u0153uvre la Strat\u00e9gie dans le but d\u2019am\u00e9liorer les r\u00e9sultats li\u00e9s au cancer pour tous les Canadiens. Des membres de l\u2019ACAPC si\u00e8gent au conseil de partenariat du PCCC.<\/p>\n\n\n\n<p>Nous travaillons \u00e9galement en partenariat avec les organismes et les programmes de lutte contre le cancer dans les trois territoires du Canada :<\/p>\n\n\n\n<ul class=\"wp-block-list\">\n<li><a href=\"https:\/\/www.nthssa.ca\/en\" target=\"_blank\" rel=\"noreferrer noopener\">Administration des services de sant\u00e9 et des services sociaux des Territoires du Nord-Ouest<\/a><\/li>\n\n\n\n<li><a href=\"https:\/\/www.gov.nu.ca\/fr\/sante\" target=\"_blank\" rel=\"noreferrer noopener\">Minist\u00e8re de la Sant\u00e9 du Nunavut<\/a><\/li>\n\n\n\n<li><a href=\"https:\/\/yukon.ca\/fr\/minist%C3%A8re-sant%C3%A9-affaires-sociales\" target=\"_blank\" rel=\"noreferrer noopener\">Minist\u00e8re de la Sant\u00e9 et des Affaires sociales<\/a><\/li>\n<\/ul>\n\n\n\n<p>De plus, chacune des initiatives de l\u2019ACAPC est men\u00e9e par des \u00e9quipes de personnes et des organisations, notamment des associations professionnelles, des organisations de sant\u00e9 f\u00e9d\u00e9rales et pancanadiennes, des instituts de recherche, des organisations pour les patients, des experts en la mati\u00e8re et des personnes ayant une exp\u00e9rience v\u00e9cue.<\/p>\n\n\n\n<div class=\"inner-cta\">\n<h2 id=\"nos-collaborateurs\" class=\"gb-text\">Nos collaborateurs<\/h2>\n\n\n\n<p class=\"gb-text\">D\u00e9couvrez avec qui nous collaborons sur chaque initiative et projet.<\/p>\n\n\n\n<div>\n<a class=\"gb-text capca-button-primary\" href=\"https:\/\/capca.ca\/fr\/notre-travail\/\">Notre travail<\/a>\n<\/div>\n<\/div>\n<\/div>\n<\/div>\n<\/div>\n","protected":false},"excerpt":{"rendered":"<p>Membres <\/p>\n<p class=\"gb-text gb-text-25e23e52\"><a href=\"http:\/\/www.bccancer.bc.ca\/\">BC Cancer<\/a><\/p>\n<p class=\"gb-text gb-text-d1bbad8d\"><a href=\"https:\/\/www.albertahealthservices.ca\/cancer\/cancer.aspx\">Cancer Care Alberta<\/a><\/p>\n<p class=\"gb-text gb-text-cbd7ec72\"><a href=\"http:\/\/www.saskcancer.ca\/\">Saskatchewan Cancer Agency<\/a><\/p>\n<p class=\"gb-text gb-text-fba2cf05\"><a href=\"https:\/\/www.cancercare.mb.ca\/home\/\">Action Cancer Manitoba<\/a><\/p>\n<p class=\"gb-text gb-text-2651ed67\"><a href=\"https:\/\/www.albertahealthservices.ca\/cancer\/cancer.aspx\">Sant\u00e9 Ontario (Action Cancer Ontario)<\/a><\/p>\n<p class=\"gb-text gb-text-27796cf7\"><a href=\"https:\/\/www.msss.gouv.qc.ca\/\">Minist\u00e8re de la Sant\u00e9 et&#8230;<\/a><\/p>\n","protected":false},"author":1,"featured_media":0,"parent":634,"menu_order":30,"comment_status":"closed","ping_status":"closed","template":"","meta":{"_acf_changed":false,"_piecal_is_recurring":false,"_piecal_recurring_interval":1,"_piecal_recurring_frequency":"","_piecal_recurring_exact_position":false,"_piecal_recurring_end":"","_piecal_color":"","_piecal_text_color":"","_piecal_global_color_master":false,"_piecal_rsets":"[]","_piecal_is_event":false,"_piecal_start_date":"","_piecal_end_date":"","_piecal_is_allday":false,"inline_featured_image":false,"footnotes":""},"class_list":["post-2862","page","type-page","status-publish"],"acf":[],"_links":{"self":[{"href":"https:\/\/capca.ca\/fr\/wp-json\/wp\/v2\/pages\/2862","targetHints":{"allow":["GET"]}}],"collection":[{"href":"https:\/\/capca.ca\/fr\/wp-json\/wp\/v2\/pages"}],"about":[{"href":"https:\/\/capca.ca\/fr\/wp-json\/wp\/v2\/types\/page"}],"author":[{"embeddable":true,"href":"https:\/\/capca.ca\/fr\/wp-json\/wp\/v2\/users\/1"}],"replies":[{"embeddable":true,"href":"https:\/\/capca.ca\/fr\/wp-json\/wp\/v2\/comments?post=2862"}],"version-history":[{"count":3,"href":"https:\/\/capca.ca\/fr\/wp-json\/wp\/v2\/pages\/2862\/revisions"}],"predecessor-version":[{"id":4388,"href":"https:\/\/capca.ca\/fr\/wp-json\/wp\/v2\/pages\/2862\/revisions\/4388"}],"up":[{"embeddable":true,"href":"https:\/\/capca.ca\/fr\/wp-json\/wp\/v2\/pages\/634"}],"wp:attachment":[{"href":"https:\/\/capca.ca\/fr\/wp-json\/wp\/v2\/media?parent=2862"}],"curies":[{"name":"wp","href":"https:\/\/api.w.org\/{rel}","templated":true}]}}