{"id":2865,"date":"2025-01-26T17:14:06","date_gmt":"2025-01-27T01:14:06","guid":{"rendered":"https:\/\/capca.ca\/a-propos-de-nous\/standing-committees\/"},"modified":"2025-05-16T00:41:53","modified_gmt":"2025-05-16T07:41:53","slug":"comites-permanents","status":"publish","type":"page","link":"https:\/\/capca.ca\/fr\/a-propos-de-nous\/comites-permanents\/","title":{"rendered":"Comit\u00e9s permanents"},"content":{"rendered":"\n<div>\n<div class=\"capca-container\">\n<div class=\"gb-element-6b38809b\">\n<h2 id=\"lexpertise-au-service-de-notre-travail\" class=\"gb-text gb-text-069fa3f6\">L\u2019expertise au service de notre travail<\/h2>\n\n\n\n<p class=\"wp-block-paragraph\">Une grande partie des travaux de l\u2019ACAPC repose sur le travail des comit\u00e9s permanents, dont les activit\u00e9s se rattachent \u00e0 ses initiatives. Chaque comit\u00e9, dirig\u00e9 par un pr\u00e9sident ou un copr\u00e9sident, est compos\u00e9 d\u2019experts, notamment de professionnels de la sant\u00e9, de personnes ayant une exp\u00e9rience v\u00e9cue et de repr\u00e9sentants d\u2019associations professionnelles et d\u2019organisations de soins de sant\u00e9 concern\u00e9s.<\/p>\n\n\n\n<h2 id=\"partenariat-canadien-pour-la-qualite-en-radiotherapie-pcqr\" class=\"wp-block-heading\">Partenariat canadien pour la qualit\u00e9 en radioth\u00e9rapie (PCQR)<\/h2>\n\n\n\n<p class=\"wp-block-paragraph\">Fond\u00e9 en 2010 comme organisation ind\u00e9pendante financ\u00e9e par le Partenariat canadien contre le cancer, le PCQR a consid\u00e9rablement am\u00e9lior\u00e9 la s\u00e9curit\u00e9 et la qualit\u00e9 de la radioth\u00e9rapie au Canada. Depuis 2021, le PCQR est un comit\u00e9 directeur de l\u2019ACAPC, et \u00e0 ce titre, il contribue \u00e0 faire avancer nos travaux sur l\u2019acc\u00e8s, qualit\u00e9 de la radioth\u00e9rapie et acc\u00e8s.<\/p>\n\n\n\n<div class=\"inner-cta two\">\n<h2 id=\"ameliorer-les-services-de-radiotherapie\" class=\"gb-text\">Am\u00e9liorer les services de radioth\u00e9rapie<\/h2>\n\n\n\n<div>\n<a class=\"gb-text capca-button-primary\" href=\"https:\/\/capca.ca\/fr\/notre-travail\/qualite-de-la-radiotherapie-et-acces\/travaux-en-cours\/\">Nos travaux en cours<\/a>\n\n\n\n<a class=\"gb-text capca-button-primary\" href=\"https:\/\/capca.ca\/fr\/a-propos-de-nous\/comites-permanents\/lhistoire-du-pcqr\/\">L\u2019histoire du PCQR et son influence<\/a>\n<\/div>\n<\/div>\n\n\n\n<h2 id=\"comite-consultatif-national-de-consensus-sur-la-therapie-par-cellules-effectrices-immunitaires\" class=\"wp-block-heading\">Comit\u00e9 consultatif national de consensus sur la th\u00e9rapie par cellules effectrices immunitaires<\/h2>\n\n\n\n<p class=\"wp-block-paragraph\">Le Comit\u00e9 consultatif national de consensus sur la th\u00e9rapie par cellules effectrices immunitaires contribue aux travaux de l\u2019ACAPC sur l\u2019acc\u00e8s et la qualit\u00e9 \u00e0 ce type de th\u00e9rapie. Il rassemble des cliniciens sp\u00e9cialistes de la th\u00e9rapie par cellules effectrices immunitaires et des troubles sanguins, dans le but de cr\u00e9er une norme commune pour les soins aux patients adultes.<\/p>\n\n\n\n<div class=\"inner-cta\">\n<h2 id=\"normaliser-le-traitement-des-cancers-du-sang\" class=\"gb-text\">Normaliser le traitement des cancers du sang<\/h2>\n\n\n\n<p class=\"gb-text\">D\u00e9couvrez nos travaux sur l\u2019acc\u00e8s et la qualit\u00e9 de la th\u00e9rapie par cellules effectrices immunitaires.<\/p>\n\n\n\n<div>\n<a class=\"gb-text capca-button-primary\" href=\"https:\/\/capca.ca\/fr\/notre-travail\/acces-et-qualite-de-la-therapie-par-cellules-effectrices-immunitaires\/\">Visiter le site<\/a>\n<\/div>\n<\/div>\n\n\n\n<h2 id=\"comite-pancanadien-sur-la-qualite-des-radiopharmaceutiques-pcqrt\" class=\"wp-block-heading\">Comit\u00e9 pancanadien sur la qualit\u00e9 des radiopharmaceutiques (pCQRT)<\/h2>\n\n\n\n<p class=\"wp-block-paragraph\">Le pCQRT travaille sur l\u2019initiative d\u2019assurance de la qualit\u00e9 des radiopharmaceutiques de l\u2019ACAPC. La composition du comit\u00e9 tient compte de la diversit\u00e9 des comp\u00e9tences des professionnels de la sant\u00e9 travaillant dans le domaine de la th\u00e9rapie radiopharmaceutique, notamment les m\u00e9decins en m\u00e9decine nucl\u00e9aire, les radio-oncologues, les radiopharmaciens et les oncologues m\u00e9dicaux.<\/p>\n\n\n\n<div class=\"inner-cta\">\n<h2 id=\"faire-avancer-la-therapie-radiopharmaceutique\" class=\"gb-text\">Faire avancer la th\u00e9rapie radiopharmaceutique<\/h2>\n\n\n\n<p class=\"gb-text\">D\u00e9couvrez-en plus sur nos travaux sur l\u2019assurance de la qualit\u00e9 en th\u00e9rapie radiopharmaceutique.<\/p>\n\n\n\n<div>\n<a class=\"gb-text capca-button-primary\" href=\"https:\/\/capca.ca\/fr\/notre-travail\/assurance-qualite-radiopharmaceutique\/\">Visiter le site<\/a>\n<\/div>\n<\/div>\n<\/div>\n<\/div>\n<\/div>\n","protected":false},"excerpt":{"rendered":"<p>L\u2019expertise au service de notre travail <\/p>\n<p>Une grande partie des travaux de l\u2019ACAPC repose sur le travail des comit\u00e9s permanents, dont les activit\u00e9s se rattachent \u00e0 ses initiatives. Chaque comit\u00e9, dirig\u00e9 par un pr\u00e9sident ou un copr\u00e9sident, est compos\u00e9 d\u2019experts,&#8230;<\/p>\n","protected":false},"author":1,"featured_media":0,"parent":634,"menu_order":50,"comment_status":"closed","ping_status":"closed","template":"","meta":{"_acf_changed":false,"_crdt_document":"","_piecal_is_recurring":false,"_piecal_recurring_interval":1,"_piecal_recurring_frequency":"","_piecal_recurring_exact_position":false,"_piecal_recurring_end":"","_piecal_color":"","_piecal_text_color":"","_piecal_global_color_master":false,"_piecal_rsets":"[]","_piecal_is_event":false,"_piecal_start_date":"","_piecal_end_date":"","_piecal_is_allday":false,"inline_featured_image":false,"footnotes":""},"class_list":["post-2865","page","type-page","status-publish"],"acf":[],"_links":{"self":[{"href":"https:\/\/capca.ca\/fr\/wp-json\/wp\/v2\/pages\/2865","targetHints":{"allow":["GET"]}}],"collection":[{"href":"https:\/\/capca.ca\/fr\/wp-json\/wp\/v2\/pages"}],"about":[{"href":"https:\/\/capca.ca\/fr\/wp-json\/wp\/v2\/types\/page"}],"author":[{"embeddable":true,"href":"https:\/\/capca.ca\/fr\/wp-json\/wp\/v2\/users\/1"}],"replies":[{"embeddable":true,"href":"https:\/\/capca.ca\/fr\/wp-json\/wp\/v2\/comments?post=2865"}],"version-history":[{"count":5,"href":"https:\/\/capca.ca\/fr\/wp-json\/wp\/v2\/pages\/2865\/revisions"}],"predecessor-version":[{"id":3831,"href":"https:\/\/capca.ca\/fr\/wp-json\/wp\/v2\/pages\/2865\/revisions\/3831"}],"up":[{"embeddable":true,"href":"https:\/\/capca.ca\/fr\/wp-json\/wp\/v2\/pages\/634"}],"wp:attachment":[{"href":"https:\/\/capca.ca\/fr\/wp-json\/wp\/v2\/media?parent=2865"}],"curies":[{"name":"wp","href":"https:\/\/api.w.org\/{rel}","templated":true}]}}