{"id":2869,"date":"2024-12-17T19:23:24","date_gmt":"2024-12-18T03:23:24","guid":{"rendered":"https:\/\/capca.ca\/a-propos-de-nous\/comites-permanents\/cpqr-history\/"},"modified":"2026-04-12T14:14:04","modified_gmt":"2026-04-12T21:14:04","slug":"lhistoire-du-pcqr","status":"publish","type":"page","link":"https:\/\/capca.ca\/fr\/a-propos-de-nous\/comites-permanents\/lhistoire-du-pcqr\/","title":{"rendered":"L\u2019histoire du PCQR"},"content":{"rendered":"\n<div>\n<div class=\"capca-container\">\n<div class=\"gb-element-3d80229a\">\n<p class=\"wp-block-paragraph\">En normalisant les pratiques de planification et de d\u00e9livrance de la radioth\u00e9rapie et en offrant un moyen de mettre en commun les connaissances acquises entre les provinces et les centres de canc\u00e9rologie, le Partenariat canadien pour la qualit\u00e9 en radioth\u00e9rapie illustre parfaitement comment des professionnels, dont les domaines d\u2019expertise sont distincts et les r\u00f4les interd\u00e9pendants, collaborent pour am\u00e9liorer les soins de sant\u00e9 dispens\u00e9s aux personnes qui suivent une radioth\u00e9rapie dans le cadre de leur traitement contre le cancer. Fond\u00e9 en 2010, il compte parmi ses contributions :<\/p>\n\n\n\n<ul class=\"wp-block-list\">\n<li>Une s\u00e9rie de plus de 20 lignes directrices, valid\u00e9es \u00e0 l\u2019\u00e9chelle nationale et fond\u00e9es sur des donn\u00e9es probantes, qui permettent d\u2019harmoniser des pratiques de radioth\u00e9rapie s\u00fbres dans tout le Canada :\n<ul class=\"wp-block-list\">\n<li>Le Code de pratique de l\u2019assurance de la qualit\u00e9 pour les programmes canadiens de radioth\u00e9rapie est utilis\u00e9 par presque tous les programmes canadiens de radioth\u00e9rapie et constitue une r\u00e9f\u00e9rence en mati\u00e8re d\u2019am\u00e9lioration de la qualit\u00e9 des programmes.<\/li>\n\n\n\n<li>16 lignes directrices sur le contr\u00f4le de la qualit\u00e9 technique ont \u00e9t\u00e9 adapt\u00e9es par des centres de canc\u00e9rologie d\u2019au moins six autres pays dans le monde.<\/li>\n\n\n\n<li>Trois documents d\u2019orientation ax\u00e9s sur le patient aident les programmes de radioth\u00e9rapie \u00e0 faire participer les patients et les membres de leur famille \u00e0 leurs soins.<\/li>\n<\/ul>\n<\/li>\n\n\n\n<li>Une meilleure utilisation des r\u00e9sultats signal\u00e9s par les patients (RSP) pour mesurer les effets de plans de traitement sp\u00e9cifiques et d\u00e9terminer les protocoles de traitement optimaux \u00e0 appliquer afin que les patients b\u00e9n\u00e9ficient de soins de haute qualit\u00e9.<\/li>\n\n\n\n<li>Une s\u00e9rie d\u2019outils d\u2019auto-\u00e9valuation qui permet aux centres de canc\u00e9rologie d\u2019\u00e9valuer leur conformit\u00e9 aux lignes directrices du PCQR et d\u2019utiliser des r\u00e9sultats en temps r\u00e9el pour am\u00e9liorer les programmes.<\/li>\n\n\n\n<li>En partenariat avec l\u2019<a href=\"https:\/\/www.cihi.ca\/en\">ICIS<\/a>, la cr\u00e9ation du Syst\u00e8me national de d\u00e9claration des accidents et incidents \u2014 radioth\u00e9rapie (SNDAI-RT) utilis\u00e9 par les centres de radioth\u00e9rapie au Canada, afin de recueillir des donn\u00e9es granulaires et de mettre en commun les connaissances acquises. En avril 2026, la gestion et les op\u00e9rations du SNDAI-RT ont \u00e9t\u00e9 transf\u00e9r\u00e9es de l\u2019ICIS \u00e0 l\u2019<a href=\"https:\/\/ismpcanada.ca\/fr\/impact\/sndai\/\">Institut pour la s\u00e9curit\u00e9 des m\u00e9dicaments aux patients du Canada (ISMP Canada)<\/a>.<\/li>\n\n\n\n<li>Une \u00e9valuation de l\u2019utilisation de la radioth\u00e9rapie au Canada pour relever les in\u00e9galit\u00e9s li\u00e9es \u00e0 l\u2019acc\u00e8s \u00e0 ce traitement.<\/li>\n\n\n\n<li>La pr\u00e9paration d\u2019un cours d\u2019enqu\u00eate et d\u2019apprentissage en ligne sur les incidents, destin\u00e9 \u00e0 aider les apprenants \u00e0 enqu\u00eater efficacement sur les incidents locaux (accessible gratuitement).<\/li>\n<\/ul>\n\n\n\n<p class=\"wp-block-paragraph\">Depuis 2021, le PCQR est un comit\u00e9 directeur de l\u2019ACAPC, et \u00e0 ce titre, il contribue \u00e0 faire avancer nos travaux sur l\u2019acc\u00e8s, qualit\u00e9 de la radioth\u00e9rapie et acc\u00e8s.<\/p>\n\n\n\n<div class=\"inner-cta three\">\n<h2 id=\"pcqr-renseignements-et-ressources\" class=\"gb-text\">PCQR \u2013 Renseignements et ressources<\/h2>\n\n\n\n<p class=\"gb-text\">D\u00e9couvrez les contributions du PCQR et acc\u00e9dez aux documents d\u2019orientation et aux ressources li\u00e9s \u00e0 la radioth\u00e9rapie.<\/p>\n\n\n\n<div>\n<a class=\"gb-text capca-button-primary\" href=\"https:\/\/capca.ca\/fr\/ressources\/\">Trouvez des documents d\u2019orientation et autres<\/a>\n\n\n\n<a class=\"gb-text capca-button-primary\" href=\"https:\/\/capca.ca\/fr\/notre-travail\/partenariat-canadien-pour-la-qualite-en-radiotherapie-pcqr\/\">D\u00e9couvrez le travail du PCQR<\/a>\n\n\n\n<a class=\"gb-text capca-button-primary\" href=\"https:\/\/capca.ca\/wp-content\/uploads\/2025\/04\/Une-decennie-dimpact.pdf\">Une d\u00e9cennie d\u2019influence (2010-2021)<\/a>\n<\/div>\n<\/div>\n<\/div>\n\n\n\n<div>\n<div class=\"gb-element-5cbb43f1\">\n<p class=\"gb-text gb-text-a8071447\">\u00ab\u2009Gr\u00e2ce aux premi\u00e8res r\u00e9alisations du PCQR, il existe aujourd\u2019hui une approche pancanadienne commune de la planification et de l\u2019administration s\u00fbres et efficaces de la radioth\u00e9rapie.\u2009\u00bb<\/p>\n\n\n\n<div class=\"gb-element-1267a30b\">\n<img loading=\"lazy\" decoding=\"async\" width=\"300\" height=\"300\" class=\"gb-media-605d6c40\" src=\"https:\/\/capca.ca\/wp-content\/uploads\/2025\/01\/Eshwar-Kumar.jpg\" alt=\"Eshwar Kumar\" srcset=\"https:\/\/capca.ca\/wp-content\/uploads\/2025\/01\/Eshwar-Kumar.jpg 300w, https:\/\/capca.ca\/wp-content\/uploads\/2025\/01\/Eshwar-Kumar-150x150.jpg 150w\" sizes=\"auto, (max-width: 300px) 100vw, 300px\" \/>\n\n\n\n<p class=\"gb-text gb-text-e11b7819\">Eshwar Kumar, co-pr\u00e9sident-directeur g\u00e9n\u00e9ral, R\u00e9seau du cancer du Nouveau-Brunswick\u2009; copr\u00e9sident, Comit\u00e9 consultatif du Syst\u00e8me national de d\u00e9claration des accidents et incidents \u2014 radioth\u00e9rapie (SNDAI-RT).<\/p>\n<\/div>\n<\/div>\n<\/div>\n<\/div>\n<\/div>\n","protected":false},"excerpt":{"rendered":"<p>En normalisant les pratiques de planification et de d\u00e9livrance de la radioth\u00e9rapie et en offrant un moyen de mettre en commun les connaissances acquises entre les provinces et les centres de canc\u00e9rologie, le Partenariat canadien pour la qualit\u00e9 en radioth\u00e9rapie&#8230;<\/p>\n","protected":false},"author":1,"featured_media":0,"parent":2865,"menu_order":10,"comment_status":"closed","ping_status":"closed","template":"","meta":{"_acf_changed":false,"_crdt_document":"","_piecal_is_recurring":false,"_piecal_recurring_interval":1,"_piecal_recurring_frequency":"","_piecal_recurring_exact_position":false,"_piecal_recurring_end":"","_piecal_color":"","_piecal_text_color":"","_piecal_global_color_master":false,"_piecal_rsets":"[]","_piecal_is_event":false,"_piecal_start_date":"","_piecal_end_date":"","_piecal_is_allday":false,"inline_featured_image":false,"footnotes":""},"class_list":["post-2869","page","type-page","status-publish"],"acf":[],"_links":{"self":[{"href":"https:\/\/capca.ca\/fr\/wp-json\/wp\/v2\/pages\/2869","targetHints":{"allow":["GET"]}}],"collection":[{"href":"https:\/\/capca.ca\/fr\/wp-json\/wp\/v2\/pages"}],"about":[{"href":"https:\/\/capca.ca\/fr\/wp-json\/wp\/v2\/types\/page"}],"author":[{"embeddable":true,"href":"https:\/\/capca.ca\/fr\/wp-json\/wp\/v2\/users\/1"}],"replies":[{"embeddable":true,"href":"https:\/\/capca.ca\/fr\/wp-json\/wp\/v2\/comments?post=2869"}],"version-history":[{"count":5,"href":"https:\/\/capca.ca\/fr\/wp-json\/wp\/v2\/pages\/2869\/revisions"}],"predecessor-version":[{"id":4911,"href":"https:\/\/capca.ca\/fr\/wp-json\/wp\/v2\/pages\/2869\/revisions\/4911"}],"up":[{"embeddable":true,"href":"https:\/\/capca.ca\/fr\/wp-json\/wp\/v2\/pages\/2865"}],"wp:attachment":[{"href":"https:\/\/capca.ca\/fr\/wp-json\/wp\/v2\/media?parent=2869"}],"curies":[{"name":"wp","href":"https:\/\/api.w.org\/{rel}","templated":true}]}}