{"id":2879,"date":"2024-11-15T12:43:00","date_gmt":"2024-11-15T20:43:00","guid":{"rendered":"https:\/\/capca.ca\/immune-effector-cell-therapy-access-and-quality\/"},"modified":"2025-09-14T12:37:58","modified_gmt":"2025-09-14T19:37:58","slug":"acces-et-qualite-de-la-therapie-par-cellules-effectrices-immunitaires","status":"publish","type":"page","link":"https:\/\/capca.ca\/fr\/notre-travail\/acces-et-qualite-de-la-therapie-par-cellules-effectrices-immunitaires\/","title":{"rendered":"Acc\u00e8s et qualit\u00e9 de la th\u00e9rapie par cellules effectrices immunitaires"},"content":{"rendered":"\n<div>\n<div class=\"capca-container\">\n<div class=\"gb-element-be74b72b\">\n<h2 id=\"planification-coordonnee-du-traitement-des-cancers-du-sang\" class=\"gb-text gb-text-52a7a1bb\">Planification coordonn\u00e9e du traitement des cancers du sang<\/h2>\n\n\n\n<p class=\"wp-block-paragraph\">La th\u00e9rapie par cellules effectrices immunitaires, y compris la th\u00e9rapie par lymphocytes T \u00e0 r\u00e9cepteur antig\u00e9nique chim\u00e9rique (CAR), est un type de traitement du cancer qui utilise le syst\u00e8me immunitaire de l\u2019organisme pour cibler et d\u00e9truire les cellules canc\u00e9reuses. Depuis 2018, Sant\u00e9 Canada a approuv\u00e9 plusieurs th\u00e9rapies CAR-T pour traiter des types sp\u00e9cifiques de cancer du sang. On s\u2019attend \u00e0 ce que d\u2019autres th\u00e9rapies par cellules effectrices immunitaires soient approuv\u00e9es et que leur utilisation soit \u00e9tendue \u00e0 d\u2019autres types de cancer. Cependant, parce qu\u2019elle est complexe, co\u00fbteuse et difficile \u00e0 mettre en \u0153uvre, la th\u00e9rapie par cellules effectrices immunitaires se heurte \u00e0 des difficult\u00e9s : suivre l\u2019\u00e9volution des nouvelles donn\u00e9es, g\u00e9rer la demande croissante et trouver sa place parmi d\u2019autres options de traitement.<\/p>\n\n\n\n<p class=\"wp-block-paragraph\">Qui plus est, l\u2019utilisation de la th\u00e9rapie CAR-T n\u00e9cessite des comp\u00e9tences et des installations sp\u00e9cialis\u00e9es. C\u2019est la raison pour laquelle la th\u00e9rapie CAR-T est dispens\u00e9e de mani\u00e8re centralis\u00e9e, c\u2019est-\u00e0-dire qu\u2019elle n\u2019est pas offerte dans toutes les provinces et que, pour celles qui la proposent, elle n\u2019est dispens\u00e9e que dans un nombre limit\u00e9 de centres.<\/p>\n\n\n\n<p class=\"wp-block-paragraph\">Une planification coordonn\u00e9e est n\u00e9cessaire aux niveaux provincial et national afin d\u2019identifier les populations de patients qui pourraient b\u00e9n\u00e9ficier au mieux de cette th\u00e9rapie, d\u2019\u00e9tablir des normes pour son administration et d\u2019am\u00e9liorer l\u2019acc\u00e8s \u00e9quitable \u00e0 des soins de haute qualit\u00e9. Tel est l\u2019objectif du Comit\u00e9 consultatif national de consensus sur la th\u00e9rapie par cellules effectrices immunitaires, qui \u00e9labore une approche clinique pancanadienne normalis\u00e9e pour la mise en \u0153uvre de la th\u00e9rapie CAR-T chez les patients adultes.<\/p>\n\n\n\n<h2 id=\"les-acteurs-impliques\" class=\"gb-text\">Les acteurs impliqu\u00e9s<\/h2>\n\n\n\n<p class=\"wp-block-paragraph\">Le Comit\u00e9 consultatif national de consensus sur la th\u00e9rapie par cellules effectrices immunitaires fait appel \u00e0 des cliniciens des dix provinces canadiennes poss\u00e9dant une expertise en th\u00e9rapie par cellules effectrices immunitaires et dans la prise en charge des personnes atteintes de leuc\u00e9mie, d\u2019un lymphome et d\u2019autres troubles sanguins, afin de cr\u00e9er une norme commune d\u2019admissibilit\u00e9 pour aiguiller les patients adultes vers la th\u00e9rapie par cellules effectrices immunitaires, la leur administrer et en assurer la qualit\u00e9. Par l\u2019interm\u00e9diaire de l\u2019ACAPC, les organismes et programmes provinciaux de lutte contre le cancer soutiennent le Comit\u00e9 consultatif national de consensus sur la th\u00e9rapie par cellules effectrices immunitaires.<\/p>\n\n\n\n<div class=\"gb-element-6d2c1c09\">\n<h2 id=\"dernieres-nouvelles\" class=\"gb-text\">Derni\u00e8res nouvelles<\/h2>\n\n\n\n<div><div class=\"gb-looper-7d60f79b\">\n<div class=\"gb-loop-item gb-loop-item-c98187a6 post-3199 document type-document status-publish hentry document-cancer-site-hematologie-cancers-du-sang document-capca-initiative-acces-et-qualite-de-la-therapie-par-cellules-effectrices-immunitaires document-resource-type-document-dorientation-consensuel document-topic-acces-aux-soins document-treatment-modality-therapie-par-cellules-effectrices-immunitaires featured-item-show-on-home-page\">\n<div class=\"gb-element-45bd05d2\"><\/div>\n\n\n\n<div class=\"gb-element-91b65c5b\">\n<h2 id=\"acces-et-qualite-de-la-therapie-par-cellules-effectrices-immunitaires\" class=\"gb-text gb-text-9eb77678\"><a href=\"https:\/\/capca.ca\/fr\/document\/la-therapie-par-cellules-effectrices-immunitaires-chez-les-patients-adultes-au-canada-declaration-de-consensus\/\">La th\u00e9rapie par cellules effectrices immunitaires chez les patients adultes au Canada\u00a0: D\u00e9claration de consensus<\/a><\/h2>\n\n\n\n<p class=\"gb-text gb-text-c62a4e2d\">2025-02-11<\/p>\n\n\n\n<p class=\"gb-text\"><p>Ce document a pour objectif d\u2019uniformiser les crit\u00e8res d\u2019admissibilit\u00e9 \u00e0 la th\u00e9rapie CAR-T au Canada.<\/p>\n<\/p>\n<\/div>\n<\/div>\n<\/div><\/div>\n<\/div>\n<\/div>\n\n\n\n<div class=\"gb-element-37a8c184\">\n<div class=\"gb-element-5cbb43f1\">\n<p class=\"gb-text gb-text-a8071447\">\u00ab\u2009La th\u00e9rapie par cellules effectrices immunitaires joue un r\u00f4le d\u00e9terminant dans le traitement de certains cancers du sang agressifs, et la recherche permet d\u2019\u00e9largir son utilisation. Pour garantir une approche nationale coh\u00e9rente de ce traitement, nous avons besoin d\u2019une approche bien coordonn\u00e9e qui \u00e9volue en fonction des nouvelles preuves et de l\u2019exp\u00e9rience clinique, afin que les patients puissent avoir acc\u00e8s \u00e0 des soins appropri\u00e9s de haute qualit\u00e9.\u2009\u00bb<\/p>\n\n\n\n<div class=\"gb-element-1267a30b\">\n<img loading=\"lazy\" decoding=\"async\" width=\"200\" height=\"200\" class=\"gb-media-605d6c40\" src=\"https:\/\/capca.ca\/wp-content\/uploads\/2025\/01\/Elaine-Meertens-crop.jpg\" alt=\"Elaine Meertens\" srcset=\"https:\/\/capca.ca\/wp-content\/uploads\/2025\/01\/Elaine-Meertens-crop.jpg 200w, https:\/\/capca.ca\/wp-content\/uploads\/2025\/01\/Elaine-Meertens-crop-150x150.jpg 150w\" sizes=\"auto, (max-width: 200px) 100vw, 200px\" \/>\n\n\n\n<p class=\"gb-text gb-text-e11b7819\">Elaine Meertens, vice-pr\u00e9sidente, Programmes de lutte contre le cancer, Sant\u00e9 Ontario (Action Cancer Ontario)<\/p>\n<\/div>\n<\/div>\n<\/div>\n<\/div>\n<\/div>\n","protected":false},"excerpt":{"rendered":"<p>Planification coordonn\u00e9e du traitement des cancers du sang <\/p>\n<p>La th\u00e9rapie par cellules effectrices immunitaires, y compris la th\u00e9rapie par lymphocytes T \u00e0 r\u00e9cepteur antig\u00e9nique chim\u00e9rique (CAR), est un type de traitement du cancer qui utilise le syst\u00e8me immunitaire de l\u2019organisme&#8230;<\/p>\n","protected":false},"author":1,"featured_media":0,"parent":2885,"menu_order":20,"comment_status":"closed","ping_status":"closed","template":"","meta":{"_acf_changed":false,"_crdt_document":"","_piecal_is_recurring":false,"_piecal_recurring_interval":1,"_piecal_recurring_frequency":"","_piecal_recurring_exact_position":false,"_piecal_recurring_end":"","_piecal_color":"","_piecal_text_color":"","_piecal_global_color_master":false,"_piecal_rsets":"[]","_piecal_is_event":false,"_piecal_start_date":"","_piecal_end_date":"","_piecal_is_allday":false,"inline_featured_image":false,"footnotes":""},"class_list":["post-2879","page","type-page","status-publish"],"acf":[],"_links":{"self":[{"href":"https:\/\/capca.ca\/fr\/wp-json\/wp\/v2\/pages\/2879","targetHints":{"allow":["GET"]}}],"collection":[{"href":"https:\/\/capca.ca\/fr\/wp-json\/wp\/v2\/pages"}],"about":[{"href":"https:\/\/capca.ca\/fr\/wp-json\/wp\/v2\/types\/page"}],"author":[{"embeddable":true,"href":"https:\/\/capca.ca\/fr\/wp-json\/wp\/v2\/users\/1"}],"replies":[{"embeddable":true,"href":"https:\/\/capca.ca\/fr\/wp-json\/wp\/v2\/comments?post=2879"}],"version-history":[{"count":5,"href":"https:\/\/capca.ca\/fr\/wp-json\/wp\/v2\/pages\/2879\/revisions"}],"predecessor-version":[{"id":4392,"href":"https:\/\/capca.ca\/fr\/wp-json\/wp\/v2\/pages\/2879\/revisions\/4392"}],"up":[{"embeddable":true,"href":"https:\/\/capca.ca\/fr\/wp-json\/wp\/v2\/pages\/2885"}],"wp:attachment":[{"href":"https:\/\/capca.ca\/fr\/wp-json\/wp\/v2\/media?parent=2879"}],"curies":[{"name":"wp","href":"https:\/\/api.w.org\/{rel}","templated":true}]}}