{"id":2882,"date":"2024-11-15T12:43:00","date_gmt":"2024-11-15T20:43:00","guid":{"rendered":"https:\/\/capca.ca\/radiopharmaceutical-quality-assurance\/"},"modified":"2025-11-17T15:21:22","modified_gmt":"2025-11-17T23:21:22","slug":"assurance-qualite-radiopharmaceutique","status":"publish","type":"page","link":"https:\/\/capca.ca\/fr\/notre-travail\/assurance-qualite-radiopharmaceutique\/","title":{"rendered":"Assurance qualit\u00e9 radiopharmaceutique"},"content":{"rendered":"\n<div>\n<div class=\"capca-container\">\n<div class=\"gb-element-be74b72b\">\n<h2 id=\"positionner-le-canada-a-la-pointe-de-la-therapie-radiopharmaceutique\" class=\"gb-text gb-text-ac305330\">Positionner le Canada \u00e0 la pointe de la th\u00e9rapie radiopharmaceutique<\/h2>\n\n\n\n<p>La th\u00e9rapie radiopharmaceutique est une approche innovante du traitement du cancer, qui consiste \u00e0 administrer des m\u00e9dicaments radioactifs par injection ou par voie orale pour cibler les cellules canc\u00e9reuses tout en minimisant les effets des radiations sur le reste du corps.<\/p>\n\n\n\n<p>Bien que complexe, il s\u2019agit d\u2019un domaine du traitement du cancer en pleine expansion et il est essentiel, dans ce contexte, de veiller \u00e0 la s\u00e9curit\u00e9 des patients, de garantir l\u2019efficacit\u00e9 des traitements et de dispenser une formation continue. Un ensemble commun de directives \u00e9tait n\u00e9cessaire pour assurer la coh\u00e9rence de la pr\u00e9paration, de la manipulation et de l\u2019administration de la th\u00e9rapie radiopharmaceutique de mani\u00e8re s\u00fbre et efficace dans l\u2019ensemble du pays.<\/p>\n\n\n\n<p>L\u2019ACAPC, par l\u2019interm\u00e9diaire du Comit\u00e9 pancanadien sur la qualit\u00e9 des th\u00e9rapies radiopharmaceutiques (pCQRT), a fourni un forum pour la r\u00e9alisation de ces travaux, ce qui a permis la r\u00e9daction des Directives pancanadiennes sur l\u2019assurance qualit\u00e9 des th\u00e9rapies radiopharmaceutiques. Ces directives visent \u00e0 normaliser et \u00e0 orienter la qualit\u00e9 de l\u2019administration de la th\u00e9rapie radiopharmaceutique, \u00e0 soutenir la cr\u00e9ation et l\u2019\u00e9valuation des programmes de th\u00e9rapie radiopharmaceutique dans les \u00e9tablissements de soins de sant\u00e9 et \u00e0 am\u00e9liorer le rendement de l\u2019ensemble du syst\u00e8me.<\/p>\n\n\n\n<p>Les travaux du pCQRT s\u2019adaptent \u00e0 mesure de l\u2019\u00e9volution de la th\u00e9rapie radiopharmaceutique. Dans sa prochaine phase, le pCQRT \u00e9tudie comment ces directives peuvent \u00eatre appliqu\u00e9es au point d\u2019intervention, puis r\u00e9vis\u00e9es et affin\u00e9es dans le temps. Cette approche concert\u00e9e et prospective vise \u00e0 placer le Canada \u00e0 la pointe des innovations dans le traitement du cancer, afin d\u2019am\u00e9liorer les soins aux patients.<\/p>\n\n\n\n<h2 id=\"les-acteurs-impliques\" class=\"wp-block-heading\">Les acteurs impliqu\u00e9s<\/h2>\n\n\n\n<p>Un groupe diversifi\u00e9 de professionnels de la sant\u00e9 travaille dans le domaine de la th\u00e9rapie radiopharmaceutique, et le pCQRT, constitu\u00e9 de m\u00e9decins en m\u00e9decine nucl\u00e9aire, de radio-oncologues, de radiopharmaciens et d\u2019oncologues m\u00e9dicaux, refl\u00e8te cette diversit\u00e9.<\/p>\n\n\n\n<p>Projet d\u2019un document de consensus, Comit\u00e9 pancanadien sur la qualit\u00e9 des th\u00e9rapies radiopharmaceutiques<\/p>\n\n\n\n<div class=\"gb-element-6d2c1c09\">\n<h2 id=\"dernieres-nouvelles\" class=\"gb-text\">Derni\u00e8res nouvelles :<\/h2>\n\n\n\n<div><div class=\"gb-looper-7d60f79b\">\n<div class=\"gb-loop-item gb-loop-item-c98187a6 post-4522 news type-news status-publish hentry capca-initiative-assurance-qualite-radiopharmaceutique-pcqrt featured-item-show-on-home-page news-type-actualites-des-membres-et-des-partenaires news-type-nouvelles-de-lacapc topic-qualite-et-securite topic-soins-axes-sur-le-patient topic-traitement news-year-2025-fr\">\n<div class=\"gb-element-45bd05d2\">\n<p class=\"gb-text gb-text-ed241570\"><span>Actualit\u00e9s des membres et des partenaires<\/span><span>Nouvelles de l\u2019ACAPC<\/span><\/p>\n<\/div>\n\n\n\n<div class=\"gb-element-91b65c5b\">\n<h2 id=\"assurance-qualite-radiopharmaceutique\" class=\"gb-text gb-text-9eb77678\"><a href=\"https:\/\/capca.ca\/fr\/news-updates\/orientations-strategiques-de-la-pcqrt-pour-2024-2028\/\">Orientations strat\u00e9giques de la PCQRT pour 2024-2028<\/a><\/h2>\n\n\n\n<p class=\"gb-text\"><p>Le Comit\u00e9 consultatif de la Collaboration pancanadienne sur la qualit\u00e9 des th\u00e9rapies radiopharmaceutiques (PCQRT), l\u2019un des comit\u00e9s permanents de l\u2019ACAPC, s\u2019est r\u00e9cemment r\u00e9uni pour d\u00e9finir ses priorit\u00e9s pour l\u2019avenir.<\/p> <p>Il s\u2019agit du tout premier plan de travail pluriannuel du comit\u00e9,&#8230;<\/p><\/p>\n<\/div>\n<\/div>\n<\/div><\/div>\n<\/div>\n<\/div>\n\n\n\n<div class=\"gb-element-5b6a8cd4\">\n<div class=\"gb-element-5cbb43f1\">\n<p class=\"gb-text gb-text-a8071447\">\u00ab\u2009La th\u00e9rapie radiopharmaceutique conna\u00eet une croissance rapide, car les traitements innovants deviennent de nouvelles normes de soins, ce qui souligne la n\u00e9cessit\u00e9 de disposer de lignes directrices claires pour soutenir des soins s\u00fbrs et efficaces \u2014 de la planification du traitement aux r\u00e9sultats optimaux pour le patient. Notre objectif est de soutenir une approche pancanadienne qui d\u00e9finit le cadre permettant de r\u00e9duire les risques et d\u2019am\u00e9liorer les soins aux patients.\u2009\u00bb<\/p>\n\n\n\n<div class=\"gb-element-1267a30b\">\n<img loading=\"lazy\" decoding=\"async\" width=\"200\" height=\"200\" class=\"gb-media-605d6c40\" src=\"https:\/\/capca.ca\/wp-content\/uploads\/2025\/01\/Elaine-Meertens-crop.jpg\" alt=\"Elaine Meertens\" srcset=\"https:\/\/capca.ca\/wp-content\/uploads\/2025\/01\/Elaine-Meertens-crop.jpg 200w, https:\/\/capca.ca\/wp-content\/uploads\/2025\/01\/Elaine-Meertens-crop-150x150.jpg 150w\" sizes=\"auto, (max-width: 200px) 100vw, 200px\" \/>\n\n\n\n<p class=\"gb-text gb-text-e11b7819\">Elaine Meertens, vice-pr\u00e9sidente, Programmes de lutte contre le cancer, Sant\u00e9 Ontario (Action Cancer Ontario)<\/p>\n<\/div>\n<\/div>\n<\/div>\n<\/div>\n<\/div>\n","protected":false},"excerpt":{"rendered":"<p>Positionner le Canada \u00e0 la pointe de la th\u00e9rapie radiopharmaceutique <\/p>\n<p>La th\u00e9rapie radiopharmaceutique est une approche innovante du traitement du cancer, qui consiste \u00e0 administrer des m\u00e9dicaments radioactifs par injection ou par voie orale pour cibler les cellules canc\u00e9reuses tout&#8230;<\/p>\n","protected":false},"author":1,"featured_media":0,"parent":2885,"menu_order":30,"comment_status":"closed","ping_status":"closed","template":"","meta":{"_acf_changed":false,"_piecal_is_recurring":false,"_piecal_recurring_interval":1,"_piecal_recurring_frequency":"","_piecal_recurring_exact_position":false,"_piecal_recurring_end":"","_piecal_color":"","_piecal_text_color":"","_piecal_global_color_master":false,"_piecal_rsets":"[]","_piecal_is_event":false,"_piecal_start_date":"","_piecal_end_date":"","_piecal_is_allday":false,"inline_featured_image":false,"footnotes":""},"class_list":["post-2882","page","type-page","status-publish"],"acf":[],"_links":{"self":[{"href":"https:\/\/capca.ca\/fr\/wp-json\/wp\/v2\/pages\/2882","targetHints":{"allow":["GET"]}}],"collection":[{"href":"https:\/\/capca.ca\/fr\/wp-json\/wp\/v2\/pages"}],"about":[{"href":"https:\/\/capca.ca\/fr\/wp-json\/wp\/v2\/types\/page"}],"author":[{"embeddable":true,"href":"https:\/\/capca.ca\/fr\/wp-json\/wp\/v2\/users\/1"}],"replies":[{"embeddable":true,"href":"https:\/\/capca.ca\/fr\/wp-json\/wp\/v2\/comments?post=2882"}],"version-history":[{"count":6,"href":"https:\/\/capca.ca\/fr\/wp-json\/wp\/v2\/pages\/2882\/revisions"}],"predecessor-version":[{"id":4527,"href":"https:\/\/capca.ca\/fr\/wp-json\/wp\/v2\/pages\/2882\/revisions\/4527"}],"up":[{"embeddable":true,"href":"https:\/\/capca.ca\/fr\/wp-json\/wp\/v2\/pages\/2885"}],"wp:attachment":[{"href":"https:\/\/capca.ca\/fr\/wp-json\/wp\/v2\/media?parent=2882"}],"curies":[{"name":"wp","href":"https:\/\/api.w.org\/{rel}","templated":true}]}}