{"id":2888,"date":"2024-11-15T12:43:00","date_gmt":"2024-11-15T20:43:00","guid":{"rendered":"https:\/\/capca.ca\/notre-travail\/strategic-oncology-workforce-project\/"},"modified":"2025-04-29T12:33:27","modified_gmt":"2025-04-29T19:33:27","slug":"projet-strategique-sur-la-main-doeuvre-en-oncologie","status":"publish","type":"page","link":"https:\/\/capca.ca\/fr\/notre-travail\/projet-strategique-sur-la-main-doeuvre-en-oncologie\/","title":{"rendered":"Projet strat\u00e9gique sur la main-d\u2019\u0153uvre en oncologie"},"content":{"rendered":"\n<div>\n<div class=\"capca-container\">\n<div class=\"gb-element-ce91a42c\">\n<h2 id=\"repondre-a-la-demande-croissante-de-soins-contre-le-cancer-au-canada\" class=\"gb-text gb-text-4bbb6c4c\">R\u00e9pondre \u00e0 la demande croissante de soins contre le cancer au Canada<\/h2>\n\n\n\n<p>Dans le monde entier, la demande de soins de sant\u00e9 d\u00e9passe l\u2019offre de ressources humaines disponibles, et la main-d\u2019\u0153uvre canadienne dans le domaine du cancer ne fait pas exception. Le Canada conna\u00eet une p\u00e9nurie et un exode alarmants de professionnels de la sant\u00e9 sp\u00e9cialis\u00e9s dans le diagnostic et le traitement du cancer. Outre l\u2019augmentation du nombre de postes \u00e0 pourvoir et des d\u00e9parts en retraite anticip\u00e9e, les employ\u00e9s quittent leur emploi pour des raisons telles que la charge de travail, l\u2019\u00e9puisement professionnel et les contraintes administratives.<\/p>\n\n\n\n<p>Parall\u00e8lement \u00e0 cela, le syst\u00e8me de lutte contre le cancer subit des pressions suppl\u00e9mentaires qui s\u2019expliquent par le vieillissement de la population canadienne, l\u2019am\u00e9lioration du d\u00e9pistage et l\u2019augmentation du nombre de cancers due \u00e0 la croissance d\u00e9mographique et au vieillissement de la population. Dans le m\u00eame temps, les progr\u00e8s r\u00e9alis\u00e9s dans le domaine des traitements, tels que les th\u00e9rapies cibl\u00e9es, les immunoth\u00e9rapies et la m\u00e9decine de pr\u00e9cision, permettent d\u2019am\u00e9liorer les taux de survie. Cette \u00e9volution a pour effet de transformer le cancer en maladie chronique, d\u2019o\u00f9 la n\u00e9cessit\u00e9 de soins continus.<\/p>\n\n\n\n<p>Bien que des progr\u00e8s aient \u00e9t\u00e9 accomplis dans certains domaines, des mesures \u00e9nergiques et transformatrices sont n\u00e9cessaires pour relever les d\u00e9fis li\u00e9s \u00e0 la main-d\u2019\u0153uvre en oncologie au Canada. C\u2019est pr\u00e9cis\u00e9ment l\u2019objectif du projet strat\u00e9gique pancanadien sur la main-d\u2019\u0153uvre en oncologie de l\u2019ACAPC. Cette initiative \u00e9value l\u2019\u00e9tat actuel des ressources humaines en soins de sant\u00e9 contre le cancer au Canada, rel\u00e8ve les lacunes en mati\u00e8re de main-d\u2019\u0153uvre et d\u00e9veloppe des strat\u00e9gies concr\u00e8tes pour y rem\u00e9dier.<\/p>\n\n\n\n<p>L\u2019objectif est de faire en sorte que la main-d\u2019\u0153uvre sp\u00e9cialis\u00e9e dans le domaine du cancer puisse aider les patients et leurs familles \u00e0 acc\u00e9der aux soins appropri\u00e9s, au bon endroit et au bon moment, aujourd\u2019hui et \u00e0 l\u2019avenir.<\/p>\n\n\n\n<h2 id=\"les-acteurs-impliques\" class=\"gb-text\">Les acteurs impliqu\u00e9s<\/h2>\n\n\n\n<p>Avec le soutien financier de la Soci\u00e9t\u00e9 canadienne du cancer, l\u2019ACAPC a lanc\u00e9 le Projet strat\u00e9gique pancanadien sur la main-d\u2019\u0153uvre en oncologie afin d\u2019\u00e9valuer l\u2019\u00e9tat actuel de la main-d\u2019\u0153uvre en oncologie, de d\u00e9terminer les r\u00e9ussites et les difficult\u00e9s, et d\u2019explorer les moyens de p\u00e9renniser cette main-d\u2019\u0153uvre.<\/p>\n\n\n\n<p>L\u2019initiative se fonde sur une approche pancanadienne concert\u00e9e, qui mobilise des partenaires cl\u00e9s du syst\u00e8me, notamment des organismes et des programmes provinciaux de lutte contre le cancer, des associations professionnelles nationales et des sp\u00e9cialistes de la main-d\u2019\u0153uvre, afin de trouver des solutions pertinentes \u00e0 la p\u00e9nurie de main-d\u2019\u0153uvre.<\/p>\n\n\n\n<div class=\"gb-element-6d2c1c09\">\n<h2 id=\"dernieres-nouvelles\" class=\"gb-text\">Derni\u00e8res nouvelles<\/h2>\n\n\n\n<div><div class=\"gb-looper-5870a6e5\">\n<div class=\"gb-loop-item gb-loop-item-eccdf105 post-3747 news type-news status-publish hentry capca-initiative-projet-strategique-sur-la-main-doeuvre-en-oncologie featured-item-show-on-home-page news-type-nouvelles-de-lacapc news-type-ressources-et-publications topic-ressources-humaines-en-sante news-year-2025-fr\">\n<div class=\"gb-element-45bd05d2\">\n<p class=\"gb-text gb-text-ed241570\"><span>Nouvelles de l\u2019ACAPC<\/span><span>Ressources et publications<\/span><\/p>\n<\/div>\n\n\n\n<div class=\"gb-element-91b65c5b\">\n<h2 id=\"projet-strategique-sur-la-maindoeuvre-en-oncologie\" class=\"gb-text gb-text-801451e0\"><a href=\"https:\/\/capca.ca\/fr\/news-updates\/lacapc-publie-un-rapport-strategique-pancanadien-sur-la-main-doeuvre-en-oncologie\/\">L\u2019ACAPC publie un rapport strat\u00e9gique pancanadien sur la main-d\u2019\u0153uvre en oncologie<\/a><\/h2>\n\n\n\n<p class=\"gb-text gb-text-be692444\">2025-05-06<\/p>\n\n\n\n<p class=\"gb-text\"><p>En tant qu\u2019organisation regroupant les dirigeants de tous les organismes et programmes provinciaux de lutte contre le cancer, l\u2019Association canadienne des agences provinciales du cancer, avec le soutien de la Soci\u00e9t\u00e9 canadienne du cancer, a collabor\u00e9 avec les organismes membres&#8230;<\/p><\/p>\n<\/div>\n<\/div>\n\n<div class=\"gb-loop-item gb-loop-item-eccdf105 post-2958 news type-news status-publish hentry capca-initiative-projet-strategique-sur-la-main-doeuvre-en-oncologie featured-item-show-on-home-page news-type-nouvelles-de-lacapc topic-ressources-humaines-en-sante news-year-2024-fr\">\n<div class=\"gb-element-45bd05d2\">\n<p class=\"gb-text gb-text-ed241570\"><span>Nouvelles de l\u2019ACAPC<\/span><\/p>\n<\/div>\n\n\n\n<div class=\"gb-element-91b65c5b\">\n<h2 id=\"projet-strategique-sur-la-maindoeuvre-en-oncologie\" class=\"gb-text gb-text-801451e0\"><a href=\"https:\/\/capca.ca\/fr\/news-updates\/latelier-de-lacapc-permet-de-faire-progresser-la-planification-strategique-pancanadienne-sur-la-main-doeuvre-en-oncologie\/\">L\u2019atelier de l\u2019ACAPC permet de faire progresser la planification strat\u00e9gique pancanadienne sur la main-d\u2019\u0153uvre en oncologie<\/a><\/h2>\n\n\n\n<p class=\"gb-text gb-text-be692444\">2024-09-29<\/p>\n\n\n\n<p class=\"gb-text\"><p>L\u2019atelier a port\u00e9 sur les p\u00e9nuries de ressources humaines en oncologie auxquelles nous sommes confront\u00e9s et a encourag\u00e9 la collaboration pour r\u00e9fl\u00e9chir sur le r\u00f4le des patients et des soignants, les nouveaux mod\u00e8les de soins, les innovations num\u00e9riques et les nouveaux r\u00f4les dans le syst\u00e8me.<\/p>\n<\/p>\n<\/div>\n<\/div>\n<\/div><\/div>\n<\/div>\n<\/div>\n<\/div>\n<\/div>\n","protected":false},"excerpt":{"rendered":"<p>R\u00e9pondre \u00e0 la demande croissante de soins contre le cancer au Canada <\/p>\n<p>Dans le monde entier, la demande de soins de sant\u00e9 d\u00e9passe l\u2019offre de ressources humaines disponibles, et la main-d\u2019\u0153uvre canadienne dans le domaine du cancer ne fait pas&#8230;<\/p>\n","protected":false},"author":1,"featured_media":0,"parent":2885,"menu_order":40,"comment_status":"closed","ping_status":"closed","template":"","meta":{"_acf_changed":false,"_piecal_is_recurring":false,"_piecal_recurring_interval":1,"_piecal_recurring_frequency":"","_piecal_recurring_exact_position":false,"_piecal_recurring_end":"","_piecal_color":"","_piecal_text_color":"","_piecal_global_color_master":false,"_piecal_rsets":"[]","_piecal_is_event":false,"_piecal_start_date":"","_piecal_end_date":"","_piecal_is_allday":false,"inline_featured_image":false,"footnotes":""},"class_list":["post-2888","page","type-page","status-publish"],"acf":[],"_links":{"self":[{"href":"https:\/\/capca.ca\/fr\/wp-json\/wp\/v2\/pages\/2888","targetHints":{"allow":["GET"]}}],"collection":[{"href":"https:\/\/capca.ca\/fr\/wp-json\/wp\/v2\/pages"}],"about":[{"href":"https:\/\/capca.ca\/fr\/wp-json\/wp\/v2\/types\/page"}],"author":[{"embeddable":true,"href":"https:\/\/capca.ca\/fr\/wp-json\/wp\/v2\/users\/1"}],"replies":[{"embeddable":true,"href":"https:\/\/capca.ca\/fr\/wp-json\/wp\/v2\/comments?post=2888"}],"version-history":[{"count":3,"href":"https:\/\/capca.ca\/fr\/wp-json\/wp\/v2\/pages\/2888\/revisions"}],"predecessor-version":[{"id":3684,"href":"https:\/\/capca.ca\/fr\/wp-json\/wp\/v2\/pages\/2888\/revisions\/3684"}],"up":[{"embeddable":true,"href":"https:\/\/capca.ca\/fr\/wp-json\/wp\/v2\/pages\/2885"}],"wp:attachment":[{"href":"https:\/\/capca.ca\/fr\/wp-json\/wp\/v2\/media?parent=2888"}],"curies":[{"name":"wp","href":"https:\/\/api.w.org\/{rel}","templated":true}]}}