{"id":2891,"date":"2024-12-17T19:19:26","date_gmt":"2024-12-18T03:19:26","guid":{"rendered":"https:\/\/capca.ca\/notre-travail\/health-services-policy-research-hspr\/"},"modified":"2025-04-29T19:51:01","modified_gmt":"2025-04-30T02:51:01","slug":"recherche-sur-les-services-et-les-politiques-de-sante","status":"publish","type":"page","link":"https:\/\/capca.ca\/fr\/notre-travail\/recherche-sur-les-services-et-les-politiques-de-sante\/","title":{"rendered":"Recherche sur les services et les politiques de sant\u00e9"},"content":{"rendered":"\n<div>\n<div class=\"capca-container\">\n<div class=\"gb-element-3e196f23\">\n<h2 id=\"contribuer-a-renforcer-la-maindoeuvre-dans-le-domaine-des-soins-contre-le-cancer\" class=\"gb-text gb-text-7bd17c7e\">Contribuer \u00e0 renforcer la main-d\u2019\u0153uvre dans le domaine des soins contre le cancer<\/h2>\n\n\n\n<p class=\"wp-block-paragraph\">Les mod\u00e8les de soins contre le cancer d\u00e9signent l\u2019approche structur\u00e9e employ\u00e9e pour une prise en charge compl\u00e8te des patients atteints de cancer, de la pr\u00e9vention et du d\u00e9pistage pr\u00e9coce au traitement, au suivi et aux soins palliatifs. Ils int\u00e8grent divers services, r\u00f4les et disciplines de soins de sant\u00e9 afin de garantir des soins coordonn\u00e9s et ax\u00e9s sur la personne tout au long du parcours contre le cancer. Un mod\u00e8le de soins contre le cancer est souvent con\u00e7u pour am\u00e9liorer la qualit\u00e9 des soins, optimiser les r\u00e9sultats pour les patients et g\u00e9rer les difficult\u00e9s li\u00e9es \u00e0 l\u2019allocation des ressources, aux besoins en main-d\u2019\u0153uvre et \u00e0 l\u2019accessibilit\u00e9.<\/p>\n\n\n\n<p class=\"wp-block-paragraph\">Alors que le Canada s\u2019emploie \u00e0 renforcer la main-d\u2019\u0153uvre prodiguant des soins contre le cancer pour r\u00e9pondre aux besoins des patients et de leur famille, les mod\u00e8les de soins constituent un domaine d\u2019int\u00e9r\u00eat connexe. Les soins virtuels, l\u2019intelligence artificielle, les soins assist\u00e9s par la technologie, les soins en \u00e9quipe et l\u2019\u00e9largissement du champ d\u2019exercice sont autant d\u2019exemples de mod\u00e8les de soins qui pourraient am\u00e9liorer l\u2019acc\u00e8s aux soins contre le cancer au Canada tout en favorisant le bien-\u00eatre des patients et des prestataires de soins.<\/p>\n\n\n\n<p class=\"wp-block-paragraph\">L\u2019initiative de recherche sur les services et les politiques de sant\u00e9 de l\u2019ACAPC contribuera \u00e0 renforcer la main-d\u2019\u0153uvre dans le domaine des soins contre le cancer au Canada en rep\u00e9rant des mod\u00e8les novateurs de soins contre le cancer et en \u00e9valuant dans quelle mesure ils peuvent \u00eatre mis en \u0153uvre, adapt\u00e9s et \u00e9tendus dans les diff\u00e9rentes provinces et diff\u00e9rents territoires du Canada. Cette initiative se concentrera sur l\u2019innovation dans la mani\u00e8re dont les soins sont dispens\u00e9s en \u00e9valuant divers mod\u00e8les de soins et en explorant des m\u00e9thodes fond\u00e9es sur des donn\u00e9es probantes pour leur mise en \u0153uvre. L\u2019approche syst\u00e9matique adopt\u00e9e permettra de d\u00e9finir, de planifier, d\u2019introduire et de d\u00e9velopper de nouveaux mod\u00e8les de soins de mani\u00e8re r\u00e9fl\u00e9chie, afin d\u2019en maximiser les avantages aussi bien pour les patients que pour le syst\u00e8me de soins contre le cancer.<\/p>\n\n\n\n<h2 id=\"les-acteurs-impliques\" class=\"gb-text\">Les acteurs impliqu\u00e9s<\/h2>\n\n\n\n<p class=\"wp-block-paragraph\">Des \u00e9quipes de recherche de BC Cancer, de l\u2019Universit\u00e9 de la Colombie-Britannique et de l\u2019Universit\u00e9 Dalhousie collaborent pour faire progresser ces travaux de recherche sur les services et les politiques de sant\u00e9 en mobilisant de nombreux partenaires du syst\u00e8me de soins contre le cancer \u00e0 travers le Canada.<\/p>\n\n\n\n<p class=\"wp-block-paragraph\">Ce projet de recherche sur les services et les politiques de sant\u00e9 b\u00e9n\u00e9ficie du soutien financier du Partenariat canadien contre le cancer.<\/p>\n<\/div>\n\n\n\n<div class=\"gb-element-3973d552\">\n<div class=\"gb-element-5cbb43f1\">\n<p class=\"gb-text gb-text-a8071447\">\u00ab\u2009Des mod\u00e8les de soins novateurs peuvent am\u00e9liorer l\u2019acc\u00e8s aux soins contre le cancer, tout en soutenant les patients et les prestataires de soins de sant\u00e9. Dans le cadre de l\u2019initiative de recherche sur les services et les politiques de sant\u00e9, nous \u00e9valuons comment de nouveaux mod\u00e8les de soins pourraient \u00eatre mis en \u0153uvre par les organismes et les programmes de lutte contre le cancer.\u2009\u00bb<\/p>\n\n\n\n<div class=\"gb-element-1267a30b\">\n<p class=\"gb-text gb-text-e11b7819\">Jill Flinn, directrice principale, Programme de soins contre le cancer, R\u00e9gie de la sant\u00e9 de la Nouvelle-\u00c9cosse<\/p>\n<\/div>\n<\/div>\n<\/div>\n<\/div>\n<\/div>\n","protected":false},"excerpt":{"rendered":"<p>Contribuer \u00e0 renforcer la main-d\u2019\u0153uvre dans le domaine des soins contre le cancer <\/p>\n<p>Les mod\u00e8les de soins contre le cancer d\u00e9signent l\u2019approche structur\u00e9e employ\u00e9e pour une prise en charge compl\u00e8te des patients atteints de cancer, de la pr\u00e9vention et du&#8230;<\/p>\n","protected":false},"author":1,"featured_media":0,"parent":2885,"menu_order":50,"comment_status":"closed","ping_status":"closed","template":"","meta":{"_acf_changed":false,"_crdt_document":"","_piecal_is_recurring":false,"_piecal_recurring_interval":1,"_piecal_recurring_frequency":"","_piecal_recurring_exact_position":false,"_piecal_recurring_end":"","_piecal_color":"","_piecal_text_color":"","_piecal_global_color_master":false,"_piecal_rsets":"[]","_piecal_is_event":false,"_piecal_start_date":"","_piecal_end_date":"","_piecal_is_allday":false,"inline_featured_image":false,"footnotes":""},"class_list":["post-2891","page","type-page","status-publish"],"acf":[],"_links":{"self":[{"href":"https:\/\/capca.ca\/fr\/wp-json\/wp\/v2\/pages\/2891","targetHints":{"allow":["GET"]}}],"collection":[{"href":"https:\/\/capca.ca\/fr\/wp-json\/wp\/v2\/pages"}],"about":[{"href":"https:\/\/capca.ca\/fr\/wp-json\/wp\/v2\/types\/page"}],"author":[{"embeddable":true,"href":"https:\/\/capca.ca\/fr\/wp-json\/wp\/v2\/users\/1"}],"replies":[{"embeddable":true,"href":"https:\/\/capca.ca\/fr\/wp-json\/wp\/v2\/comments?post=2891"}],"version-history":[{"count":4,"href":"https:\/\/capca.ca\/fr\/wp-json\/wp\/v2\/pages\/2891\/revisions"}],"predecessor-version":[{"id":3709,"href":"https:\/\/capca.ca\/fr\/wp-json\/wp\/v2\/pages\/2891\/revisions\/3709"}],"up":[{"embeddable":true,"href":"https:\/\/capca.ca\/fr\/wp-json\/wp\/v2\/pages\/2885"}],"wp:attachment":[{"href":"https:\/\/capca.ca\/fr\/wp-json\/wp\/v2\/media?parent=2891"}],"curies":[{"name":"wp","href":"https:\/\/api.w.org\/{rel}","templated":true}]}}