{"id":2917,"date":"2022-02-28T13:34:18","date_gmt":"2022-02-28T21:34:18","guid":{"rendered":"https:\/\/capca.ca\/privacy-policy\/"},"modified":"2025-04-16T00:41:29","modified_gmt":"2025-04-16T07:41:29","slug":"politique-de-confidentialite","status":"publish","type":"page","link":"https:\/\/capca.ca\/fr\/politique-de-confidentialite\/","title":{"rendered":"Politique de confidentialit\u00e9"},"content":{"rendered":"\n<div>\n<div class=\"capca-container\">\n<div class=\"gb-element-86ce933a\">\n<h2 id=\"qui-nous-sommes\" class=\"gb-text gb-text-0a6f8c90\">Qui nous sommes<\/h2>\n\n\n\n<p>Nous sommes l\u2019Association canadienne des agences provinciales du cancer (ACAPC) et notre site Web est le suivant : https:\/\/capca.ca\/fr\/<\/p>\n\n\n\n<h2 id=\"quelles-sont-les-donnees-personnelles-que-nous-recueillons-et-pourquoi-nous-les-recueillons%25e2%2580%2589\" class=\"wp-block-heading\">Quelles sont les donn\u00e9es personnelles que nous recueillons et pourquoi nous les recueillons\u2009?<\/h2>\n\n\n\n<p><strong>Formulaires de contact<\/strong><br>Si vous nous joignez par courrier \u00e9lectronique ou par le biais de notre formulaire de contact, nous conserverons votre adresse \u00e9lectronique afin de pouvoir vous r\u00e9pondre. Nous n\u2019utiliserons pas les renseignements que vous nous fournissez \u00e0 d\u2019autres fins que celles de vous r\u00e9pondre. (Par exemple, nous ne vous ajouterons pas \u00e0 une liste de diffusion.)<\/p>\n\n\n\n<p><strong>Analyse du Web<\/strong><br>Ce site Web utilise des outils d\u2019analyse ax\u00e9s sur la protection de la vie priv\u00e9e (pas Google Analytics) pour suivre l\u2019engagement des utilisateurs \u2014 il ne recueille, ne stocke, ni ne traite aucune information personnelle identifiable. Il ne n\u00e9cessite pas l\u2019utilisation de t\u00e9moins et est conforme au GDPR, CCPA et PECR.<\/p>\n\n\n\n<p><strong>T\u00e9moins<\/strong><br>Les t\u00e9moins, \u00e9galement appel\u00e9s t\u00e9moins HTTP, t\u00e9moins Web, t\u00e9moins Internet ou t\u00e9moins de navigation, sont de petits \u00e9l\u00e9ments de donn\u00e9es envoy\u00e9s par un site Web et stock\u00e9s sur l\u2019ordinateur de l\u2019utilisateur par son navigateur Web afin de l\u2019aider \u00e0 revenir \u00e0 une page ou \u00e0 une section sp\u00e9cifique du site. Si vous avez des inqui\u00e9tudes concernant les t\u00e9moins, vous pouvez configurer les param\u00e8tres de votre navigateur pour qu\u2019il n\u2019accepte pas les t\u00e9moins ou pour qu\u2019il affiche des messages d\u2019avertissement, mais cela peut affecter votre capacit\u00e9 \u00e0 utiliser le site.<\/p>\n\n\n\n<p><strong>Outils d\u2019auto-\u00e9valuation<\/strong><br>Si vous utilisez les outils d\u2019auto-\u00e9valuation, vous devrez fournir des renseignements personnels identifiables pour y acc\u00e9der, et accepter les t\u00e9moins pour pouvoir acc\u00e9der aux documents.<\/p>\n\n\n\n<h2 id=\"avec-qui-nous-partageons-vos-donnees\" class=\"wp-block-heading\">Avec qui nous partageons vos donn\u00e9es<\/h2>\n\n\n\n<p>Si vous nous joignez par courrier \u00e9lectronique ou par le biais de notre formulaire de contact, nous conserverons vos renseignements afin de pouvoir vous r\u00e9pondre. Nous n\u2019utiliserons pas les renseignements que vous nous fournissez \u00e0 d\u2019autres fins que celles de vous r\u00e9pondre.<\/p>\n\n\n\n<p>Si vous utilisez les outils d\u2019auto-\u00e9valuation, nous conserverons vos renseignements pour vous permettre d\u2019acc\u00e9der aux documents, \u00e0 des fins d\u2019\u00e9valuation et pour vous aider \u00e0 apporter d\u2019autres am\u00e9liorations. Nous n\u2019utiliserons pas vos donn\u00e9es \u00e0 d\u2019autres fins et ne les partagerons pas avec des tiers.<\/p>\n\n\n\n<h2 id=\"liens-vers-dautres-sites-web\" class=\"wp-block-heading\">Liens vers d\u2019autres sites Web<\/h2>\n\n\n\n<p>Le site Web de l\u2019ACAPC comporte des liens vers d\u2019autres sites Web. Lorsque vous suivez l\u2019un de ces liens, vous n\u2019utilisez plus le site Web de l\u2019ACAPC et notre politique de confidentialit\u00e9 et nos conditions g\u00e9n\u00e9rales ne s\u2019appliquent plus. Veuillez consulter la politique de confidentialit\u00e9 et les conditions g\u00e9n\u00e9rales de ces autres sites Web afin de d\u00e9terminer si vous souhaitez les utiliser ou non.<\/p>\n<\/div>\n<\/div>\n<\/div>\n","protected":false},"excerpt":{"rendered":"<p>Qui nous sommes <\/p>\n<p>Nous sommes l\u2019Association canadienne des agences provinciales du cancer (ACAPC) et notre site Web est le suivant : https:\/\/capca.ca\/fr\/<\/p>\n<p> Quelles sont les donn\u00e9es personnelles que nous recueillons et pourquoi nous les recueillons\u2009? <\/p>\n<p><strong>Formulaires de contact<\/strong><br \/>Si vous nous&#8230;<\/p>\n","protected":false},"author":1,"featured_media":0,"parent":0,"menu_order":50,"comment_status":"closed","ping_status":"closed","template":"","meta":{"_acf_changed":false,"_piecal_is_recurring":false,"_piecal_recurring_interval":1,"_piecal_recurring_frequency":"","_piecal_recurring_exact_position":false,"_piecal_recurring_end":"","_piecal_color":"","_piecal_text_color":"","_piecal_global_color_master":false,"_piecal_rsets":"[]","_piecal_is_event":false,"_piecal_start_date":"","_piecal_end_date":"","_piecal_is_allday":false,"inline_featured_image":false,"footnotes":""},"class_list":["post-2917","page","type-page","status-publish"],"acf":[],"_links":{"self":[{"href":"https:\/\/capca.ca\/fr\/wp-json\/wp\/v2\/pages\/2917","targetHints":{"allow":["GET"]}}],"collection":[{"href":"https:\/\/capca.ca\/fr\/wp-json\/wp\/v2\/pages"}],"about":[{"href":"https:\/\/capca.ca\/fr\/wp-json\/wp\/v2\/types\/page"}],"author":[{"embeddable":true,"href":"https:\/\/capca.ca\/fr\/wp-json\/wp\/v2\/users\/1"}],"replies":[{"embeddable":true,"href":"https:\/\/capca.ca\/fr\/wp-json\/wp\/v2\/comments?post=2917"}],"version-history":[{"count":2,"href":"https:\/\/capca.ca\/fr\/wp-json\/wp\/v2\/pages\/2917\/revisions"}],"predecessor-version":[{"id":3452,"href":"https:\/\/capca.ca\/fr\/wp-json\/wp\/v2\/pages\/2917\/revisions\/3452"}],"wp:attachment":[{"href":"https:\/\/capca.ca\/fr\/wp-json\/wp\/v2\/media?parent=2917"}],"curies":[{"name":"wp","href":"https:\/\/api.w.org\/{rel}","templated":true}]}}