{"id":634,"date":"2024-11-15T12:43:00","date_gmt":"2024-11-15T20:43:00","guid":{"rendered":"https:\/\/capca.ca\/about-capca\/"},"modified":"2025-04-13T16:28:29","modified_gmt":"2025-04-13T23:28:29","slug":"a-propos-de-nous","status":"publish","type":"page","link":"https:\/\/capca.ca\/fr\/a-propos-de-nous\/","title":{"rendered":"\u00c0 propos de nous"},"content":{"rendered":"<div class=\"gb-container gb-container-28ee8f66\">\n\n<h1 id=\"a-propos-de-nous\" class=\"gb-text hero-page\">\u00c0 propos de nous<\/h1>\n\n\n\n<div class=\"capca-container\">\n<div class=\"gb-element-1b700544\">\n<p class=\"wp-block-paragraph\">L\u2019<strong>Association canadienne des agences provinciales du cancer (ACAPC)<\/strong> est la seule organisation repr\u00e9sentant les organismes et les programmes provinciaux de lutte contre le cancer du Canada. Nous offrons un forum aux dirigeants des syst\u00e8mes de lutte contre le cancer du Canada pour discuter, apprendre et collaborer sur les questions affectant la prestation des soins aux patients atteints de cancer au Canada. En polarisant notre action sur les enjeux op\u00e9rationnels importants, nous travaillons efficacement et r\u00e9agissons rapidement aux probl\u00e8mes urgents et \u00e9mergents de la lutte contre le cancer.<\/p>\n\n\n\n<p class=\"wp-block-paragraph\">Ensemble, nous d\u00e9fendons un syst\u00e8me pancanadien durable de lutte contre le cancer, fond\u00e9 sur l\u2019\u00e9largissement de l\u2019acc\u00e8s et le renforcement de la qualit\u00e9 des soins, le soutien \u00e0 l\u2019innovation et \u00e0 la recherche, et l\u2019am\u00e9lioration des soins et des r\u00e9sultats ax\u00e9s sur la personne.<\/p>\n\n\n\n<div class=\"gb-element-85d69e1d inner-cta two\">\n<h2 id=\"nos-priorites-et-notre-influence\" class=\"gb-text\">Nos priorit\u00e9s et notre influence<\/h2>\n\n\n\n<p class=\"gb-text\">Pour en savoir plus sur nos priorit\u00e9s strat\u00e9giques actuelles et nos principales r\u00e9alisations \u00e0 ce jour :<\/p>\n\n\n\n<div>\n<a class=\"gb-text capca-button-primary\" href=\"https:\/\/capca.ca\/wp-content\/uploads\/2025\/04\/CAPCA-Strat-Plan-2023-26_Public_FINAL.pdf\">Plan strat\u00e9gique 2023-2026<\/a>\n\n\n\n<a class=\"gb-text capca-button-primary\" href=\"https:\/\/capca.ca\/fr\/actualites\/?_s=Revue%20de%20l\u2019ann\u00e9e\">Rapports annuels d\u2019activit\u00e9<\/a>\n<\/div>\n<\/div>\n<\/div>\n\n\n\n<div>\n<div class=\"gb-element-5cbb43f1\">\n<p class=\"gb-text gb-text-a8071447\">\u00ab\u2009Gr\u00e2ce \u00e0 l\u2019ACAPC, les responsables des programmes provinciaux de lutte contre le cancer au Canada disposent d\u2019un cadre de collaboration formelle visant \u00e0 d\u00e9finir des priorit\u00e9s communes li\u00e9es \u00e0 la prestation de soins de qualit\u00e9 contre le cancer. Ce travail est d\u2019une importance capitale pour notre engagement collectif \u00e0 am\u00e9liorer la lutte contre le cancer \u00e0 l\u2019\u00e9chelle pancanadienne.\u2009\u00bb<\/p>\n\n\n\n<div class=\"gb-element-1267a30b\">\n<img loading=\"lazy\" decoding=\"async\" width=\"200\" height=\"200\" class=\"gb-media-605d6c40\" src=\"https:\/\/capca.ca\/wp-content\/uploads\/2025\/01\/Brenda-Hubley-crop.jpg\" alt=\"Brenda Hubley\" srcset=\"https:\/\/capca.ca\/wp-content\/uploads\/2025\/01\/Brenda-Hubley-crop.jpg 200w, https:\/\/capca.ca\/wp-content\/uploads\/2025\/01\/Brenda-Hubley-crop-150x150.jpg 150w\" sizes=\"auto, (max-width: 200px) 100vw, 200px\" \/>\n\n\n\n<p class=\"gb-text gb-text-e11b7819\">Brenda Hubley, responsable principale de programme, Cancer Care Alberta, Alberta Health Services<\/p>\n<\/div>\n<\/div>\n<\/div>\n<\/div>\n\n<\/div>","protected":false},"excerpt":{"rendered":"<p>\u00c0 propos de nous <\/p>\n<p>L\u2019<strong>Association canadienne des agences provinciales du cancer (ACAPC)<\/strong> est la seule organisation repr\u00e9sentant les organismes et les programmes provinciaux de lutte contre le cancer du Canada. Nous offrons un forum aux dirigeants des syst\u00e8mes de lutte&#8230;<\/p>\n","protected":false},"author":1,"featured_media":0,"parent":0,"menu_order":10,"comment_status":"closed","ping_status":"closed","template":"","meta":{"_acf_changed":false,"_crdt_document":"","_piecal_is_recurring":false,"_piecal_recurring_interval":1,"_piecal_recurring_frequency":"","_piecal_recurring_exact_position":false,"_piecal_recurring_end":"","_piecal_color":"","_piecal_text_color":"","_piecal_global_color_master":false,"_piecal_rsets":"[]","_piecal_is_event":false,"_piecal_start_date":"","_piecal_end_date":"","_piecal_is_allday":false,"inline_featured_image":false,"footnotes":""},"class_list":["post-634","page","type-page","status-publish"],"acf":[],"_links":{"self":[{"href":"https:\/\/capca.ca\/fr\/wp-json\/wp\/v2\/pages\/634","targetHints":{"allow":["GET"]}}],"collection":[{"href":"https:\/\/capca.ca\/fr\/wp-json\/wp\/v2\/pages"}],"about":[{"href":"https:\/\/capca.ca\/fr\/wp-json\/wp\/v2\/types\/page"}],"author":[{"embeddable":true,"href":"https:\/\/capca.ca\/fr\/wp-json\/wp\/v2\/users\/1"}],"replies":[{"embeddable":true,"href":"https:\/\/capca.ca\/fr\/wp-json\/wp\/v2\/comments?post=634"}],"version-history":[{"count":7,"href":"https:\/\/capca.ca\/fr\/wp-json\/wp\/v2\/pages\/634\/revisions"}],"predecessor-version":[{"id":3433,"href":"https:\/\/capca.ca\/fr\/wp-json\/wp\/v2\/pages\/634\/revisions\/3433"}],"wp:attachment":[{"href":"https:\/\/capca.ca\/fr\/wp-json\/wp\/v2\/media?parent=634"}],"curies":[{"name":"wp","href":"https:\/\/api.w.org\/{rel}","templated":true}]}}