{"id":637,"date":"2024-11-15T12:43:00","date_gmt":"2024-11-15T20:43:00","guid":{"rendered":"https:\/\/capca.ca\/tools-resources\/"},"modified":"2025-04-14T22:58:01","modified_gmt":"2025-04-15T05:58:01","slug":"ressources","status":"publish","type":"page","link":"https:\/\/capca.ca\/fr\/ressources\/","title":{"rendered":"Ressources"},"content":{"rendered":"\n<div>\n<h1 id=\"ressources\" class=\"gb-text hero-page\">Ressources<\/h1>\n\n\n\n<div class=\"capca-inner-container gb-element-e7261ff5\">\n<div class=\"gb-element-b3c5bfa5\">\n<p class=\"wp-block-paragraph\">Vous trouverez ici des documents consensuels, des lignes directrices et d\u2019autres documents produits par l\u2019ACAPC et ses partenaires visant \u00e0 renforcer et \u00e0 harmoniser la prestation des soins contre le cancer au Canada.<\/p>\n\n\n\n<p class=\"wp-block-paragraph\">Utilisez la fonction de recherche ou les filtres pour trouver les documents qui vous int\u00e9ressent.<\/p>\n<\/div>\n\n\n\n<div class=\"gb-element-7bf84b11\">\n<div>Field not found.\n\n<div  class=\"wp-block-search-filter-reusable-field search-filter-base search-filter-field search-filter-field--id-35 search-filter-field--type-choice search-filter-field--input-type-checkbox search-filter-style--id-1 search-filter-style--choice-checkbox\"  data-search-filter-id=\"35\" ><\/div>\n\n<div  class=\"wp-block-search-filter-reusable-field search-filter-base search-filter-field search-filter-field--id-36 search-filter-field--type-choice search-filter-field--input-type-checkbox search-filter-style--id-1 search-filter-style--choice-checkbox\"  data-search-filter-id=\"36\" ><\/div>\n\n<div  class=\"wp-block-search-filter-reusable-field search-filter-base search-filter-field search-filter-field--id-30 search-filter-field--type-choice search-filter-field--input-type-checkbox search-filter-style--id-1 search-filter-style--choice-checkbox\"  data-search-filter-id=\"30\" ><\/div>\n\n<div  class=\"wp-block-search-filter-reusable-field search-filter-base search-filter-field search-filter-field--id-31 search-filter-field--type-choice search-filter-field--input-type-checkbox search-filter-style--id-1 search-filter-style--choice-checkbox\"  data-search-filter-id=\"31\" ><\/div>\n\n<div  class=\"wp-block-search-filter-reusable-field search-filter-base search-filter-field search-filter-field--id-32 search-filter-field--type-choice search-filter-field--input-type-checkbox search-filter-style--id-1 search-filter-style--choice-checkbox\"  data-search-filter-id=\"32\" ><\/div><\/div>\n\n\n\n<div>\n<div class=\"custom-class-one\"><div class=\"gb-looper-f3693213\">\n<div class=\"gb-loop-item gb-loop-item-74e3d967 post-4833 document type-document status-publish hentry document-capca-initiative-qualite-de-la-radiotherapie-et-acces-pcrq document-resource-type-document-dorientation-consensuel document-topic-harmonisation-des-donnees document-treatment-modality-radiotherapie\">\n<h2 id=\"ressources\" class=\"gb-text gb-text-9cb35f6a\"><a href=\"https:\/\/capca.ca\/fr\/document\/normes-de-donnees-en-radiotherapie-ressources-tg-263-et-o3\/\">Normes de donn\u00e9es en radioth\u00e9rapie : ressources TG-263 et O3<\/a><\/h2>\n\n\n<\/div>\n\n<div class=\"gb-loop-item gb-loop-item-74e3d967 post-4255 document type-document status-publish hentry document-capca-initiative-qualite-de-la-radiotherapie-et-acces-pcrq document-resource-type-outil-devaluation document-topic-enquete-et-signalement-dincident document-topic-qualite-et-securite document-treatment-modality-radiotherapie\">\n<h2 id=\"ressources\" class=\"gb-text gb-text-9cb35f6a\"><a href=\"https:\/\/capca.ca\/fr\/document\/arbre-decisionnel-pour-le-traitement-des-evenements-dans-le-bcpsls\/\">Arbre d\u00e9cisionnel pour le traitement des \u00e9v\u00e9nements dans le BCPSLS<\/a><\/h2>\n\n\n<\/div>\n\n<div class=\"gb-loop-item gb-loop-item-74e3d967 post-4065 document type-document status-publish hentry document-capca-initiative-qualite-de-la-radiotherapie-et-acces-pcrq document-resource-type-education document-topic-harmonisation-des-donnees document-treatment-modality-radiotherapie\">\n<h2 id=\"ressources\" class=\"gb-text gb-text-9cb35f6a\"><a href=\"https:\/\/capca.ca\/fr\/document\/enregistrement-du-webinaire-projet-pancanadien-dharmonisation-des-donnees-en-radiotherapie\/\">Enregistrement du webinaire : Projet pancanadien d\u2019harmonisation des donn\u00e9es en radioth\u00e9rapie<\/a><\/h2>\n\n\n<\/div>\n\n<div class=\"gb-loop-item gb-loop-item-74e3d967 post-3749 document type-document status-publish hentry document-capca-initiative-projet-strategique-sur-la-main-doeuvre-en-oncologie document-resource-type-rapport-devaluation\">\n<h2 id=\"ressources\" class=\"gb-text gb-text-9cb35f6a\"><a href=\"https:\/\/capca.ca\/fr\/document\/rapport-strategique-pancanadien-sur-la-main-doeuvre-en-oncologie-point-de-mire-sur-les-principales-professions-en-oncologie-mai-2025\/\">Rapport strat\u00e9gique pancanadien sur la main-d\u2019\u0153uvre en oncologie : Point de mire sur les principales professions en oncologie (mai 2025)<\/a><\/h2>\n\n\n<\/div>\n\n<div class=\"gb-loop-item gb-loop-item-74e3d967 post-3442 document type-document status-publish hentry document-capca-initiative-autre document-resource-type-education document-treatment-modality-medicaments-biosimilaires\">\n<h2 id=\"ressources\" class=\"gb-text gb-text-9cb35f6a\"><a href=\"https:\/\/capca.ca\/fr\/document\/ressources-sur-les-medicaments-biosimilaires-en-oncologie-a-lintention-des-fournisseurs-de-soins-de-sante\/\">Ressources sur les m\u00e9dicaments biosimilaires en oncologie \u00e0 l\u2019intention des fournisseurs de soins de sant\u00e9<\/a><\/h2>\n\n\n<\/div>\n\n<div class=\"gb-loop-item gb-loop-item-74e3d967 post-3219 document type-document status-publish hentry document-capca-initiative-qualite-de-la-radiotherapie-et-acces-pcrq document-resource-type-rapport-devaluation document-topic-enquete-et-signalement-dincident document-topic-harmonisation-des-donnees document-topic-qualite-et-securite document-treatment-modality-radiotherapie\">\n<h2 id=\"ressources\" class=\"gb-text gb-text-9cb35f6a\"><a href=\"https:\/\/capca.ca\/fr\/document\/systeme-national-de-declaration-des-accidents-et-incidents-rapport-devaluation-pilote-en-radiotherapie-sommaire\/\">Syst\u00e8me national de d\u00e9claration des accidents et incidents \u2014 Rapport d\u2019\u00e9valuation pilote en radioth\u00e9rapie : Sommaire<\/a><\/h2>\n\n\n<\/div>\n\n<div class=\"gb-loop-item gb-loop-item-74e3d967 post-3212 document type-document status-publish hentry document-cancer-site-col-de-luterus-gynecologique document-cancer-site-metastase-osseuse document-cancer-site-prostate-fr document-cancer-site-tete-et-cou document-capca-initiative-qualite-de-la-radiotherapie-et-acces-pcrq document-resource-type-outil-devaluation document-topic-resultats-signales-par-les-patients document-treatment-modality-radiotherapie\">\n<h2 id=\"ressources\" class=\"gb-text gb-text-9cb35f6a\"><a href=\"https:\/\/capca.ca\/fr\/document\/mesures-approuvees-par-le-pcqr-pour-les-resultats-signales-par-les-patients\/\">Mesures approuv\u00e9es par le PCQR pour les r\u00e9sultats signal\u00e9s par les patients<\/a><\/h2>\n\n\n<\/div>\n\n<div class=\"gb-loop-item gb-loop-item-74e3d967 post-3209 document type-document status-publish hentry document-capca-initiative-assurance-qualite-radiopharmaceutique-pcqrt document-resource-type-document-dorientation-consensuel document-topic-qualite-et-securite document-treatment-modality-therapie-radiopharmaceutique\">\n<h2 id=\"ressources\" class=\"gb-text gb-text-9cb35f6a\"><a href=\"https:\/\/capca.ca\/fr\/document\/collaboration-pancanadienne-sur-la-qualite-des-therapies-radiopharmaceutiques-pcqrt\/\">Collaboration pancanadienne sur la qualit\u00e9 des th\u00e9rapies radiopharmaceutiques (PCQRT), avril 2025<\/a><\/h2>\n\n\n<\/div>\n\n<div class=\"gb-loop-item gb-loop-item-74e3d967 post-3174 document type-document status-publish hentry document-capca-initiative-qualite-de-la-radiotherapie-et-acces-pcrq document-resource-type-document-dorientation-consensuel document-topic-qualite-et-securite document-treatment-modality-radiotherapie\">\n<h2 id=\"ressources\" class=\"gb-text gb-text-9cb35f6a\"><a href=\"https:\/\/capca.ca\/fr\/document\/code-de-pratique-de-lassurance-de-la-qualite-pour-les-programmes-canadiens-de-radiotherapie\/\">Code de pratique de l\u2019assurance de la qualit\u00e9 pour les programmes canadiens de radioth\u00e9rapie<\/a><\/h2>\n\n\n<\/div>\n\n<div class=\"gb-loop-item gb-loop-item-74e3d967 post-3168 document type-document status-publish hentry document-capca-initiative-qualite-de-la-radiotherapie-et-acces-pcrq document-resource-type-document-dorientation-consensuel document-resource-type-lignes-directrices-du-pcqr-sur-le-cqt document-topic-qualite-et-securite document-treatment-modality-radiotherapie\">\n<h2 id=\"ressources\" class=\"gb-text gb-text-9cb35f6a\"><a href=\"https:\/\/capca.ca\/fr\/document\/codes-de-pratique-du-controle-de-la-qualite-technique-des-systemes-de-planification-de-traitement\/\">Codes de pratique du contr\u00f4le de la qualit\u00e9 technique des syst\u00e8mes de planification de traitement<\/a><\/h2>\n\n\n<\/div>\n<\/div>\n\n\n<div class=\"gb-element-e38ff736 gb-query-loop-pagination\">\n\n<nav class=\"gb-query-page-numbers-a08b02e0\"><span aria-current=\"page\" class=\"page-numbers current\">1<\/span>\n<a class=\"page-numbers\" href=\"?query-33462424-page=2\">2<\/a>\n<a class=\"page-numbers\" href=\"?query-33462424-page=3\">3<\/a>\n<a class=\"page-numbers\" href=\"?query-33462424-page=4\">4<\/a><\/nav>\n\n\n<a class=\"gb-text gb-text-8ebd69f2\" href=\"\/fr\/wp-json\/wp\/v2\/pages\/637?query-33462424-page=2\">Next<\/a>\n<\/div>\n\n\n<\/div>\n<\/div>\n<\/div>\n<\/div>\n<\/div>\n","protected":false},"excerpt":{"rendered":"<p>Ressources <\/p>\n<p>Vous trouverez ici des documents consensuels, des lignes directrices et d\u2019autres documents produits par l\u2019ACAPC et ses partenaires visant \u00e0 renforcer et \u00e0 harmoniser la prestation des soins contre le cancer au Canada.<\/p>\n<p>Utilisez la fonction de recherche ou&#8230;<\/p>\n","protected":false},"author":1,"featured_media":0,"parent":0,"menu_order":30,"comment_status":"closed","ping_status":"closed","template":"","meta":{"_acf_changed":false,"_crdt_document":"","_piecal_is_recurring":false,"_piecal_recurring_interval":1,"_piecal_recurring_frequency":"","_piecal_recurring_exact_position":false,"_piecal_recurring_end":"","_piecal_color":"","_piecal_text_color":"","_piecal_global_color_master":false,"_piecal_rsets":"[]","_piecal_is_event":false,"_piecal_start_date":"","_piecal_end_date":"","_piecal_is_allday":false,"inline_featured_image":false,"footnotes":""},"class_list":["post-637","page","type-page","status-publish"],"acf":[],"_links":{"self":[{"href":"https:\/\/capca.ca\/fr\/wp-json\/wp\/v2\/pages\/637","targetHints":{"allow":["GET"]}}],"collection":[{"href":"https:\/\/capca.ca\/fr\/wp-json\/wp\/v2\/pages"}],"about":[{"href":"https:\/\/capca.ca\/fr\/wp-json\/wp\/v2\/types\/page"}],"author":[{"embeddable":true,"href":"https:\/\/capca.ca\/fr\/wp-json\/wp\/v2\/users\/1"}],"replies":[{"embeddable":true,"href":"https:\/\/capca.ca\/fr\/wp-json\/wp\/v2\/comments?post=637"}],"version-history":[{"count":4,"href":"https:\/\/capca.ca\/fr\/wp-json\/wp\/v2\/pages\/637\/revisions"}],"predecessor-version":[{"id":3448,"href":"https:\/\/capca.ca\/fr\/wp-json\/wp\/v2\/pages\/637\/revisions\/3448"}],"wp:attachment":[{"href":"https:\/\/capca.ca\/fr\/wp-json\/wp\/v2\/media?parent=637"}],"curies":[{"name":"wp","href":"https:\/\/api.w.org\/{rel}","templated":true}]}}