{"id":641,"date":"2024-11-15T12:43:00","date_gmt":"2024-11-15T20:43:00","guid":{"rendered":"https:\/\/capca.ca\/a-propos-dacapc\/cancer-control-in-canada\/"},"modified":"2025-04-10T18:49:03","modified_gmt":"2025-04-11T01:49:03","slug":"les-systemes-de-lutte-contre-le-cancer-au-canada","status":"publish","type":"page","link":"https:\/\/capca.ca\/fr\/a-propos-de-nous\/les-systemes-de-lutte-contre-le-cancer-au-canada\/","title":{"rendered":"Les syst\u00e8mes de lutte contre le cancer au Canada"},"content":{"rendered":"\n<div>\n<div class=\"capca-container\">\n<div class=\"gb-element-7021df72\">\n<h2 id=\"programmes-et-organismes-provinciaux-et-territoriaux-de-lutte-contre-le-cancer\" class=\"gb-text gb-text-59d11cdd\">Programmes et organismes provinciaux et territoriaux de lutte contre le cancer<\/h2>\n\n\n\n<p class=\"wp-block-paragraph\">Au Canada, l\u2019organisation et la prestation des services de lutte contre le cancer et de soins aux personnes atteintes de cancer sont du ressort des syst\u00e8mes de soins de sant\u00e9 des provinces et des territoires. Cela signifie que chaque province et territoire du Canada poss\u00e8de son propre organisme ou son propre programme de lutte contre le cancer. La structure de ces organismes et de ces programmes varie l\u00e9g\u00e8rement d\u2019une r\u00e9gion \u00e0 l\u2019autre : certains rel\u00e8vent directement du minist\u00e8re de la Sant\u00e9, tandis que d\u2019autres travaillent sous la responsabilit\u00e9 de leur autorit\u00e9 sanitaire locale.<\/p>\n\n\n\n<p class=\"wp-block-paragraph\">Le travail de ces organismes et de ces programmes couvre aussi bien la planification strat\u00e9gique que les activit\u00e9s op\u00e9rationnelles et comprend la supervision et la coordination de la pr\u00e9vention, du diagnostic et du traitement du cancer, ainsi que de la recherche sur le cancer.<\/p>\n\n\n\n<p class=\"wp-block-paragraph\">L\u2019Association canadienne des agences provinciales du cancer (ACAPC) regroupe les dirigeants de chaque organisme ou programme provincial de lutte contre le cancer pour travailler de concert autour de priorit\u00e9s communes.<\/p>\n\n\n\n<h2 id=\"organisations-financees-par-le-gouvernement-federal\" class=\"wp-block-heading\">Organisations financ\u00e9es par le gouvernement f\u00e9d\u00e9ral<\/h2>\n\n\n\n<p class=\"wp-block-paragraph\">Coordinateur de la Strat\u00e9gie canadienne de lutte contre le cancer, le <a href=\"https:\/\/www.partnershipagainstcancer.ca\/fr\/\">Partenariat canadien contre le cancer<\/a> (PCCC) collabore avec les minist\u00e8res de la sant\u00e9 des provinces et territoires et leurs programmes de lutte contre le cancer, les gouvernements et les organisations des Premi\u00e8res Nations, des Inuits et des M\u00e9tis, des experts du syst\u00e8me de sant\u00e9 et des personnes touch\u00e9es par le cancer, et ce, \u00e0 travers le Canada, de fa\u00e7on \u00e0 mettre en \u0153uvre la Strat\u00e9gie dans le but d&#8217;am\u00e9liorer les r\u00e9sultats en mati\u00e8re de cancer pour tous les Canadiens.<\/p>\n\n\n\n<p class=\"wp-block-paragraph\">Le PCCC travaille en \u00e9troite collaboration avec l\u2019ACAPC et ses membres, ainsi qu\u2019avec d\u2019autres organismes et programmes territoriaux de lutte contre le cancer.<\/p>\n\n\n\n<h2 id=\"organisations-pour-les-patients\" class=\"wp-block-heading\">Organisations pour les patients<\/h2>\n\n\n\n<p class=\"wp-block-paragraph\">La <a href=\"https:\/\/cancer.ca\/fr\/\">Soci\u00e9t\u00e9 canadienne du cancer<\/a> est une organisation caritative nationale qui mobilise les patients, les personnes engag\u00e9es, les donateurs et les b\u00e9n\u00e9voles pour financer la recherche sur le cancer, apporter du soutien, plaider en faveur de changements dans les politiques et fournir aux Canadiens des renseignements sur le cancer.<\/p>\n\n\n\n<div class=\"gb-element-85d69e1d inner-cta three\">\n<h2 id=\"en-savoir-plus\" class=\"gb-text\">En savoir plus<\/h2>\n\n\n\n<p class=\"gb-text\">D\u00e9couvrez plus en d\u00e9tail avec qui l\u2019ACAPC travaille :<\/p>\n\n\n\n<div>\n<a class=\"gb-text capca-button-primary\" href=\"https:\/\/capca.ca\/fr\/a-propos-de-nous\/membres-et-partenaires\/\">Nos membres et nos partenaires<br>En savoir plus<\/a>\n\n\n\n<a class=\"gb-text capca-button-primary\" href=\"https:\/\/www.partnershipagainstcancer.ca\/fr\/\">Partenariat canadien contre le cancer<br>Consulter le site Web<\/a>\n\n\n\n<a class=\"gb-text capca-button-primary\" href=\"https:\/\/cancer.ca\/fr\/\">Soci\u00e9t\u00e9 canadienne contre le cancer<br>Consulter le site Web<\/a>\n<\/div>\n<\/div>\n<\/div>\n\n\n\n<div class=\"gb-element-a4ba3c19\">\n<div class=\"gb-element-5cbb43f1\">\n<p class=\"gb-text gb-text-a8071447\">\u00ab\u2009En tant que responsable de la Strat\u00e9gie canadienne de lutte contre le cancer, le partenariat entre le PCCC et l\u2019ACAPC est essentiel pour renforcer les soins contre le cancer et am\u00e9liorer les r\u00e9sultats pour toutes les personnes au Canada.\u2009\u00bb<\/p>\n\n\n\n<div class=\"gb-element-1267a30b\">\n<img loading=\"lazy\" decoding=\"async\" width=\"250\" height=\"250\" class=\"gb-media-605d6c40\" src=\"https:\/\/capca.ca\/wp-content\/uploads\/2025\/01\/Craig-Earle.jpg\" alt=\"Craig Earle\" srcset=\"https:\/\/capca.ca\/wp-content\/uploads\/2025\/01\/Craig-Earle.jpg 250w, https:\/\/capca.ca\/wp-content\/uploads\/2025\/01\/Craig-Earle-150x150.jpg 150w\" sizes=\"auto, (max-width: 250px) 100vw, 250px\" \/>\n\n\n\n<p class=\"gb-text gb-text-e11b7819\">Dr Craig Earle, pr\u00e9sident-directeur g\u00e9n\u00e9ral, Partenariat canadien contre le cancer (PCCC)<\/p>\n<\/div>\n<\/div>\n<\/div>\n<\/div>\n<\/div>\n","protected":false},"excerpt":{"rendered":"<p>Programmes et organismes provinciaux et territoriaux de lutte contre le cancer <\/p>\n<p>Au Canada, l\u2019organisation et la prestation des services de lutte contre le cancer et de soins aux personnes atteintes de cancer sont du ressort des syst\u00e8mes de soins de&#8230;<\/p>\n","protected":false},"author":1,"featured_media":0,"parent":634,"menu_order":10,"comment_status":"closed","ping_status":"closed","template":"","meta":{"_acf_changed":false,"_crdt_document":"","_piecal_is_recurring":false,"_piecal_recurring_interval":1,"_piecal_recurring_frequency":"","_piecal_recurring_exact_position":false,"_piecal_recurring_end":"","_piecal_color":"","_piecal_text_color":"","_piecal_global_color_master":false,"_piecal_rsets":"[]","_piecal_is_event":false,"_piecal_start_date":"","_piecal_end_date":"","_piecal_is_allday":false,"inline_featured_image":false,"footnotes":""},"class_list":["post-641","page","type-page","status-publish"],"acf":[],"_links":{"self":[{"href":"https:\/\/capca.ca\/fr\/wp-json\/wp\/v2\/pages\/641","targetHints":{"allow":["GET"]}}],"collection":[{"href":"https:\/\/capca.ca\/fr\/wp-json\/wp\/v2\/pages"}],"about":[{"href":"https:\/\/capca.ca\/fr\/wp-json\/wp\/v2\/types\/page"}],"author":[{"embeddable":true,"href":"https:\/\/capca.ca\/fr\/wp-json\/wp\/v2\/users\/1"}],"replies":[{"embeddable":true,"href":"https:\/\/capca.ca\/fr\/wp-json\/wp\/v2\/comments?post=641"}],"version-history":[{"count":4,"href":"https:\/\/capca.ca\/fr\/wp-json\/wp\/v2\/pages\/641\/revisions"}],"predecessor-version":[{"id":3333,"href":"https:\/\/capca.ca\/fr\/wp-json\/wp\/v2\/pages\/641\/revisions\/3333"}],"up":[{"embeddable":true,"href":"https:\/\/capca.ca\/fr\/wp-json\/wp\/v2\/pages\/634"}],"wp:attachment":[{"href":"https:\/\/capca.ca\/fr\/wp-json\/wp\/v2\/media?parent=641"}],"curies":[{"name":"wp","href":"https:\/\/api.w.org\/{rel}","templated":true}]}}