{"id":644,"date":"2024-11-15T12:43:00","date_gmt":"2024-11-15T20:43:00","guid":{"rendered":"https:\/\/capca.ca\/cancer-genetics-biomarker-testing\/"},"modified":"2026-04-12T18:13:27","modified_gmt":"2026-04-13T01:13:27","slug":"analyses-genomiques-des-biomarqueurs-du-cancer","status":"publish","type":"page","link":"https:\/\/capca.ca\/fr\/notre-travail\/analyses-genomiques-des-biomarqueurs-du-cancer\/","title":{"rendered":"Analyses g\u00e9nomiques des biomarqueurs du cancer"},"content":{"rendered":"\n<div>\n<div class=\"capca-container\">\n<div class=\"gb-element-be74b72b\">\n<h2 id=\"integrer-les-analyses-de-biomarqueurs-a-la-pratique-courante\" class=\"gb-text gb-text-d8509bf1\">Int\u00e9grer les analyses de biomarqueurs \u00e0 la pratique courante<\/h2>\n\n\n\n<p class=\"wp-block-paragraph\">Les biomarqueurs mol\u00e9culaires du cancer sont des g\u00e8nes, des prot\u00e9ines ou des m\u00e9tabolites que l\u2019on peut trouver dans les liquides corporels, les tissus ou les cellules et qui fournissent des renseignements essentiels sur le cancer d\u2019une personne et son comportement.<\/p>\n\n\n\n<p class=\"wp-block-paragraph\">En pr\u00e9disant le risque de cancer, les r\u00e9sultats et la r\u00e9ponse au traitement d\u2019une personne donn\u00e9e, les biomarqueurs peuvent servir \u00e0 guider des soins personnalis\u00e9s contre le cancer, dans le but d\u2019obtenir de meilleurs r\u00e9sultats en mati\u00e8re de sant\u00e9 et de r\u00e9duire potentiellement les co\u00fbts du syst\u00e8me de sant\u00e9. Cependant, au Canada, les tests g\u00e9nomiques mol\u00e9culaires ne sont pas syst\u00e9matiquement int\u00e9gr\u00e9s dans la pratique clinique courante, en partie \u00e0 cause de la diversit\u00e9 des niveaux d\u2019acc\u00e8s, des normes et des processus d\u00e9cisionnels.<\/p>\n\n\n\n<p class=\"wp-block-paragraph\">La Communaut\u00e9 de pratique pancanadienne en g\u00e9nomique du cancer cherche \u00e0 d\u00e9velopper une approche commune pour int\u00e9grer les analyses de biomarqueurs dans la pratique courante. \u00c0 cette fin, elle :<\/p>\n\n\n\n<ul class=\"wp-block-list\">\n<li>Facilite les \u00e9changes d\u2019expertise et de pratiques exemplaires;<\/li>\n\n\n\n<li>Discute des tendances, des perspectives et des enjeux \u00e9mergents;<\/li>\n\n\n\n<li>Offre une plateforme pour traiter de questions d\u2019int\u00e9r\u00eat commun.<\/li>\n<\/ul>\n\n\n\n<h2 id=\"les-acteurs-impliques\" class=\"gb-text\">Les acteurs impliqu\u00e9s<\/h2>\n\n\n\n<p class=\"wp-block-paragraph\"><a href=\"https:\/\/www.cda-amc.ca\/fr\">L\u2019Agence des m\u00e9dicaments du Canada<\/a>, le <a href=\"https:\/\/www.partnershipagainstcancer.ca\/fr\/\">Partenariat canadien contre le cancer<\/a> et l\u2019ACAPC sont partenaires de la Communaut\u00e9 de pratique pancanadienne en g\u00e9nomique du cancer. Ce groupe r\u00e9unit des experts en g\u00e9nomique du cancer de tout le Canada et implique des patients et des soignants ayant une exp\u00e9rience v\u00e9cue, ce qui permet d\u2019aborder les diff\u00e9rences en mati\u00e8re d\u2019acc\u00e8s, de normes et de prise de d\u00e9cision qui peuvent varier d\u2019une province ou d\u2019un territoire \u00e0 l\u2019autre.<\/p>\n\n\n\n<h2 id=\"dernieres-nouvelles\" class=\"gb-text\">Derni\u00e8res Nouvelles<\/h2>\n\n\n\n<div><div class=\"gb-looper-7d60f79b\">\n<div class=\"gb-loop-item gb-loop-item-c98187a6 post-4577 news type-news status-publish hentry capca-initiative-analyses-genomiques-des-biomarqueurs-du-cancer featured-item-show-on-home-page news-type-actualites-des-membres-et-des-partenaires news-type-nouvelles-de-lacapc news-type-ressources-et-publications topic-biomarqueurs news-year-2025-fr\">\n<h2 id=\"analyses-genomiques-des-biomarqueurs-du-cancer\" class=\"gb-text gb-text-9eb77678\"><a href=\"https:\/\/capca.ca\/fr\/news-updates\/rapport-annuel-2024-2025-de-la-communaute-de-pratique-pancanadienne-en-genomique-du-cancer\/\">Rapport annuel\u00a02024-2025 de la Communaut\u00e9 de pratique pancanadienne en g\u00e9nomique du cancer<\/a><\/h2>\n\n\n\n<p class=\"gb-text gb-text-c62a4e2d\">2025-12-16<\/p>\n\n\n\n<p class=\"gb-text\"><p>Le rapport annuel\u00a02024-2025 de la Communaut\u00e9 de pratique pancanadienne en g\u00e9nomique du cancer pr\u00e9sente les r\u00e9alisations de l\u2019ann\u00e9e et d\u00e9taille les prochaines \u00e9tapes vers des tests de biomarqueurs \u00e9quitables et normalis\u00e9s.<\/p>\n<\/p>\n<\/div>\n\n<div class=\"gb-loop-item gb-loop-item-c98187a6 post-4529 news type-news status-publish hentry capca-initiative-analyses-genomiques-des-biomarqueurs-du-cancer featured-item-show-on-home-page news-type-actualites-des-membres-et-des-partenaires news-type-nouvelles-de-lacapc news-type-ressources-et-publications topic-biomarqueurs news-year-2025-fr\">\n<h2 id=\"analyses-genomiques-des-biomarqueurs-du-cancer\" class=\"gb-text gb-text-9eb77678\"><a href=\"https:\/\/capca.ca\/fr\/news-updates\/publie-recemment-cadre-devaluation-provisoire-pour-les-biomarqueurs-du-cancer\/\">Publi\u00e9 r\u00e9cemment : Cadre d\u2019\u00e9valuation provisoire pour les biomarqueurs du cancer<\/a><\/h2>\n\n\n\n<p class=\"gb-text gb-text-c62a4e2d\">2025-11-17<\/p>\n\n\n\n<p class=\"gb-text\"><p>Les membres de la Communaut\u00e9 de pratique pancanadienne en g\u00e9nomique du cancer ont contribu\u00e9 \u00e0 l\u2019\u00e9laboration d\u2019un cadre d\u2019\u00e9valuation fond\u00e9 sur un consensus afin de soutenir l\u2019\u00e9valuation normalis\u00e9e, efficace et transparente des biomarqueurs mol\u00e9culaires, g\u00e9n\u00e9tiques et g\u00e9nomiques dans les soins contre le cancer au Canada.<\/p>\n<\/p>\n<\/div>\n<\/div><\/div>\n<\/div>\n\n\n\n<div>\n<div class=\"gb-element-5cbb43f1\">\n<p class=\"gb-text gb-text-a8071447\">\u00ab\u2009Cette collaboration ouvrira la voie \u00e0 de futures perc\u00e9es dans le domaine des soins contre le cancer et de la g\u00e9nomique. Ensemble, nous \u00e9crivons l\u2019histoire et fa\u00e7onnons l\u2019avenir du traitement du cancer au Canada.\u2009\u00bb<\/p>\n\n\n\n<div class=\"gb-element-1267a30b\">\n<img loading=\"lazy\" decoding=\"async\" width=\"200\" height=\"200\" class=\"gb-media-605d6c40\" src=\"https:\/\/capca.ca\/wp-content\/uploads\/2025\/01\/Sri-Navaratnam-crop.jpg\" alt=\"Sri Navaratnam\" srcset=\"https:\/\/capca.ca\/wp-content\/uploads\/2025\/01\/Sri-Navaratnam-crop.jpg 200w, https:\/\/capca.ca\/wp-content\/uploads\/2025\/01\/Sri-Navaratnam-crop-150x150.jpg 150w\" sizes=\"auto, (max-width: 200px) 100vw, 200px\" \/>\n\n\n\n<p class=\"gb-text gb-text-e11b7819\">Sri Navaratnam, ancienne membre du conseil d\u2019administration de l\u2019ACAPC<\/p>\n<\/div>\n<\/div>\n<\/div>\n<\/div>\n<\/div>\n","protected":false},"excerpt":{"rendered":"<p>Int\u00e9grer les analyses de biomarqueurs \u00e0 la pratique courante <\/p>\n<p>Les biomarqueurs mol\u00e9culaires du cancer sont des g\u00e8nes, des prot\u00e9ines ou des m\u00e9tabolites que l\u2019on peut trouver dans les liquides corporels, les tissus ou les cellules et qui fournissent des renseignements&#8230;<\/p>\n","protected":false},"author":1,"featured_media":0,"parent":2885,"menu_order":10,"comment_status":"closed","ping_status":"closed","template":"","meta":{"_acf_changed":false,"_crdt_document":"","_piecal_is_recurring":false,"_piecal_recurring_interval":1,"_piecal_recurring_frequency":"","_piecal_recurring_exact_position":false,"_piecal_recurring_end":"","_piecal_color":"","_piecal_text_color":"","_piecal_global_color_master":false,"_piecal_rsets":"[]","_piecal_is_event":false,"_piecal_start_date":"","_piecal_end_date":"","_piecal_is_allday":false,"inline_featured_image":false,"footnotes":""},"class_list":["post-644","page","type-page","status-publish"],"acf":[],"_links":{"self":[{"href":"https:\/\/capca.ca\/fr\/wp-json\/wp\/v2\/pages\/644","targetHints":{"allow":["GET"]}}],"collection":[{"href":"https:\/\/capca.ca\/fr\/wp-json\/wp\/v2\/pages"}],"about":[{"href":"https:\/\/capca.ca\/fr\/wp-json\/wp\/v2\/types\/page"}],"author":[{"embeddable":true,"href":"https:\/\/capca.ca\/fr\/wp-json\/wp\/v2\/users\/1"}],"replies":[{"embeddable":true,"href":"https:\/\/capca.ca\/fr\/wp-json\/wp\/v2\/comments?post=644"}],"version-history":[{"count":7,"href":"https:\/\/capca.ca\/fr\/wp-json\/wp\/v2\/pages\/644\/revisions"}],"predecessor-version":[{"id":4920,"href":"https:\/\/capca.ca\/fr\/wp-json\/wp\/v2\/pages\/644\/revisions\/4920"}],"up":[{"embeddable":true,"href":"https:\/\/capca.ca\/fr\/wp-json\/wp\/v2\/pages\/2885"}],"wp:attachment":[{"href":"https:\/\/capca.ca\/fr\/wp-json\/wp\/v2\/media?parent=644"}],"curies":[{"name":"wp","href":"https:\/\/api.w.org\/{rel}","templated":true}]}}